{"id":81,"date":"2018-06-11T10:36:55","date_gmt":"2018-06-11T13:36:55","guid":{"rendered":"http:\/\/www.bramonmeteor.org\/bramon\/\/?page_id=81"},"modified":"2020-10-04T23:58:05","modified_gmt":"2020-10-05T02:58:05","slug":"literatura-cientifica","status":"publish","type":"page","link":"https:\/\/www.bramonmeteor.org\/bramon\/producao\/literatura-cientifica\/","title":{"rendered":"Literatura cient\u00edfica"},"content":{"rendered":"<p>Com os dados produzidos pela BRAMON, foram desenvolvidos diversos trabalhos acad\u00eamicos, tanto por membros da rede, quanto por pesquisadores de fora da rede que utilizam os dados em suas pesquisas. Nos links abaixo voc\u00ea tem acesso a diversos artigos e apresenta\u00e7\u00f5es.<\/p>\n<p>Se voc\u00ea quer enviar seu trabalho acad\u00eamico produzido com dados da BRAMON para divulga\u00e7\u00e3o em nosso site, <a href=\"https:\/\/docs.google.com\/forms\/d\/e\/1FAIpQLSenzHpriWEv36VbhUcjyzLEU6vgUq-iGm2qrEtMp55Gk2ek0Q\/viewform\" target=\"_blank\" rel=\"noopener noreferrer\">utilize este formul\u00e1rio<\/a>. Iremos analizar a submiss\u00e3o em breve!<\/p>","protected":false},"excerpt":{"rendered":"<div class=\"wpm_excerpt clearfix\"><p>Com os dados produzidos pela BRAMON, foram desenvolvidos diversos trabalhos acad\u00eamicos, tanto&hellip;<\/p>\n<\/div>","protected":false},"author":1,"featured_media":0,"parent":24,"menu_order":0,"comment_status":"closed","ping_status":"closed","template":"inc\/page-literatura-cientifica.php","meta":{"spay_email":""},"jetpack-related-posts":[],"_links":{"self":[{"href":"https:\/\/www.bramonmeteor.org\/bramon\/wp-json\/wp\/v2\/pages\/81"}],"collection":[{"href":"https:\/\/www.bramonmeteor.org\/bramon\/wp-json\/wp\/v2\/pages"}],"about":[{"href":"https:\/\/www.bramonmeteor.org\/bramon\/wp-json\/wp\/v2\/types\/page"}],"author":[{"embeddable":true,"href":"https:\/\/www.bramonmeteor.org\/bramon\/wp-json\/wp\/v2\/users\/1"}],"replies":[{"embeddable":true,"href":"https:\/\/www.bramonmeteor.org\/bramon\/wp-json\/wp\/v2\/comments?post=81"}],"version-history":[{"count":7,"href":"https:\/\/www.bramonmeteor.org\/bramon\/wp-json\/wp\/v2\/pages\/81\/revisions"}],"predecessor-version":[{"id":3552,"href":"https:\/\/www.bramonmeteor.org\/bramon\/wp-json\/wp\/v2\/pages\/81\/revisions\/3552"}],"up":[{"embeddable":true,"href":"https:\/\/www.bramonmeteor.org\/bramon\/wp-json\/wp\/v2\/pages\/24"}],"wp:attachment":[{"href":"https:\/\/www.bramonmeteor.org\/bramon\/wp-json\/wp\/v2\/media?parent=81"}],"curies":[{"name":"wp","href":"https:\/\/api.w.org\/{rel}","templated":true}]}}