{"id":77,"date":"2018-06-11T10:36:05","date_gmt":"2018-06-11T13:36:05","guid":{"rendered":"http:\/\/www.bramonmeteor.org\/bramon\/\/?page_id=77"},"modified":"2020-08-08T13:11:43","modified_gmt":"2020-08-08T16:11:43","slug":"tutoriais","status":"publish","type":"page","link":"https:\/\/www.bramonmeteor.org\/bramon\/suporte\/tutoriais\/","title":{"rendered":"Tutoriais"},"content":{"rendered":"<p>Tutoriais para quem est\u00e1 montando ou j\u00e1 montou uma esta\u00e7\u00e3o de monitoramento de meteoros.<\/p>\n","protected":false},"excerpt":{"rendered":"<div class=\"wpm_excerpt clearfix\"><p>Tutoriais para quem est\u00e1 montando ou j\u00e1 montou uma esta\u00e7\u00e3o de monitoramento&hellip;<\/p>\n<\/div>","protected":false},"author":1,"featured_media":0,"parent":28,"menu_order":0,"comment_status":"closed","ping_status":"closed","template":"inc\/page-tutoriais.php","meta":{"spay_email":""},"jetpack-related-posts":[],"_links":{"self":[{"href":"https:\/\/www.bramonmeteor.org\/bramon\/wp-json\/wp\/v2\/pages\/77"}],"collection":[{"href":"https:\/\/www.bramonmeteor.org\/bramon\/wp-json\/wp\/v2\/pages"}],"about":[{"href":"https:\/\/www.bramonmeteor.org\/bramon\/wp-json\/wp\/v2\/types\/page"}],"author":[{"embeddable":true,"href":"https:\/\/www.bramonmeteor.org\/bramon\/wp-json\/wp\/v2\/users\/1"}],"replies":[{"embeddable":true,"href":"https:\/\/www.bramonmeteor.org\/bramon\/wp-json\/wp\/v2\/comments?post=77"}],"version-history":[{"count":13,"href":"https:\/\/www.bramonmeteor.org\/bramon\/wp-json\/wp\/v2\/pages\/77\/revisions"}],"predecessor-version":[{"id":3169,"href":"https:\/\/www.bramonmeteor.org\/bramon\/wp-json\/wp\/v2\/pages\/77\/revisions\/3169"}],"up":[{"embeddable":true,"href":"https:\/\/www.bramonmeteor.org\/bramon\/wp-json\/wp\/v2\/pages\/28"}],"wp:attachment":[{"href":"https:\/\/www.bramonmeteor.org\/bramon\/wp-json\/wp\/v2\/media?parent=77"}],"curies":[{"name":"wp","href":"https:\/\/api.w.org\/{rel}","templated":true}]}}