{"id":57,"date":"2018-06-11T10:28:47","date_gmt":"2018-06-11T13:28:47","guid":{"rendered":"http:\/\/www.bramonmeteor.org\/bramon\/\/?page_id=57"},"modified":"2019-09-25T14:05:16","modified_gmt":"2019-09-25T17:05:16","slug":"como-montar-uma-estacao-bramon","status":"publish","type":"page","link":"https:\/\/www.bramonmeteor.org\/bramon\/a-bramon\/como-montar-uma-estacao-bramon\/","title":{"rendered":"Como montar uma esta\u00e7\u00e3o BRAMON"},"content":{"rendered":"<p>Muitos desistem antes mesmo de come\u00e7ar ao pensar em criar uma esta\u00e7\u00e3o de monitoramento de meteoros por achar que seus componentes s\u00e3o complexos ou caros. Isso era em parte verdadeiro at\u00e9 alguns anos atr\u00e1s, por\u00e9m com o barateamento de muitas tecnologias, o equipamento ficou bastante acess\u00edvel, o que possibilita a praticamente qualquer interessado participar da pesquisa de meteoros.<\/p>\n<p>Ent\u00e3o, o que \u00e9 necess\u00e1rio para iniciar sua esta\u00e7\u00e3o? Primeiro \u00e9 necess\u00e1rio saber o que \u00e9 exatamente uma esta\u00e7\u00e3o de monitoramento.<\/p>\n","protected":false},"excerpt":{"rendered":"<div class=\"wpm_excerpt clearfix\"><p>Muitos desistem antes mesmo de come\u00e7ar ao pensar em criar uma esta\u00e7\u00e3o&hellip;<\/p>\n<\/div>","protected":false},"author":1,"featured_media":0,"parent":22,"menu_order":0,"comment_status":"closed","ping_status":"closed","template":"inc\/page-como-montar.php","meta":{"spay_email":""},"jetpack-related-posts":[],"_links":{"self":[{"href":"https:\/\/www.bramonmeteor.org\/bramon\/wp-json\/wp\/v2\/pages\/57"}],"collection":[{"href":"https:\/\/www.bramonmeteor.org\/bramon\/wp-json\/wp\/v2\/pages"}],"about":[{"href":"https:\/\/www.bramonmeteor.org\/bramon\/wp-json\/wp\/v2\/types\/page"}],"author":[{"embeddable":true,"href":"https:\/\/www.bramonmeteor.org\/bramon\/wp-json\/wp\/v2\/users\/1"}],"replies":[{"embeddable":true,"href":"https:\/\/www.bramonmeteor.org\/bramon\/wp-json\/wp\/v2\/comments?post=57"}],"version-history":[{"count":37,"href":"https:\/\/www.bramonmeteor.org\/bramon\/wp-json\/wp\/v2\/pages\/57\/revisions"}],"predecessor-version":[{"id":2542,"href":"https:\/\/www.bramonmeteor.org\/bramon\/wp-json\/wp\/v2\/pages\/57\/revisions\/2542"}],"up":[{"embeddable":true,"href":"https:\/\/www.bramonmeteor.org\/bramon\/wp-json\/wp\/v2\/pages\/22"}],"wp:attachment":[{"href":"https:\/\/www.bramonmeteor.org\/bramon\/wp-json\/wp\/v2\/media?parent=57"}],"curies":[{"name":"wp","href":"https:\/\/api.w.org\/{rel}","templated":true}]}}