{"id":55,"date":"2018-06-11T10:25:01","date_gmt":"2018-06-11T13:25:01","guid":{"rendered":"http:\/\/www.bramonmeteor.org\/bramon\/\/?page_id=55"},"modified":"2019-09-27T10:16:39","modified_gmt":"2019-09-27T13:16:39","slug":"faca-parte","status":"publish","type":"page","link":"https:\/\/www.bramonmeteor.org\/bramon\/a-bramon\/faca-parte\/","title":{"rendered":"Fa\u00e7a Parte"},"content":{"rendered":"<p>A ades\u00e3o \u00e0 rede BRAMON \u00e9 simples e sem burocracias. Como integrante voc\u00ea pode atuar tanto como um operador de uma ou mais esta\u00e7\u00f5es quanto como um colaborador nas atividades inerentes \u00e0 rede, como, por exemplo, em treinamentos, divulga\u00e7\u00e3o, documenta\u00e7\u00e3o, suporte, entre outras.<\/p>\n<p>O primeiro passo \u00e9 conversar com outros operadores da rede atrav\u00e9s de nosso <a href=\"https:\/\/www.facebook.com\/groups\/bramon\/\" target=\"_blank\" rel=\"noopener noreferrer\">grupo no Facebook<\/a> ou atrav\u00e9s de nosso email: bramon@bramonmeteor.org. L\u00e1 \u00e9 poss\u00edvel tirar rapidamente v\u00e1rias d\u00favidas sobre o funcionamento de uma esta\u00e7\u00e3o, custos, an\u00e1lise dos dados coletados, entre outros assuntos.<\/p>\n<p>O b\u00e1sico para ter uma esta\u00e7\u00e3o da BRAMON em funcionamento \u00e9, a princ\u00edpio, a vontade de colaborar de forma ativa numa pesquisa cient\u00edfica, preenchido esse requisito, as demais dificuldades sempre s\u00e3o superadas rapidamente. Os equipamentos necess\u00e1rios s\u00e3o, em ess\u00eancia, uma c\u00e2mera de seguran\u00e7a e sua respectiva caixa de prote\u00e7\u00e3o, um computador, uma placa de captura de v\u00eddeo, softwares e acesso a internet, al\u00e9m dos cabos e demais itens simples de hardware necess\u00e1rios para interligar os equipamentos. A lista de materiais e todos os detalhes t\u00e9cnicos podem ser encontrados <a href=\"http:\/\/www.bramonmeteor.org\/bramon\/\/a-bramon\/como-montar-uma-estacao-bramon\/\">aqui<\/a>.<\/p>\n<p>Lembre-se que os operadores da rede sempre estar\u00e3o a disposi\u00e7\u00e3o para ajudar os colegas que queiram fazer parte da BRAMON.<\/p>\n<div role=\"form\" class=\"wpcf7\" id=\"wpcf7-f2230-o1\" lang=\"pt-BR\" dir=\"ltr\">\n<div class=\"screen-reader-response\" role=\"alert\" aria-live=\"polite\"><\/div>\n<form action=\"\/bramon\/wp-json\/wp\/v2\/pages\/55#wpcf7-f2230-o1\" method=\"post\" class=\"wpcf7-form init\" novalidate=\"novalidate\">\n<div style=\"display: none;\">\n<input type=\"hidden\" name=\"_wpcf7\" value=\"2230\" \/>\n<input type=\"hidden\" name=\"_wpcf7_version\" value=\"5.2.2\" \/>\n<input type=\"hidden\" name=\"_wpcf7_locale\" value=\"pt_BR\" \/>\n<input type=\"hidden\" name=\"_wpcf7_unit_tag\" value=\"wpcf7-f2230-o1\" \/>\n<input type=\"hidden\" name=\"_wpcf7_container_post\" value=\"0\" \/>\n<input type=\"hidden\" name=\"_wpcf7_posted_data_hash\" value=\"\" \/>\n<input type=\"hidden\" name=\"_wpcf7_recaptcha_response\" value=\"\" \/>\n<\/div>\n<h3>Candidate-se a operador<\/h3>\n<p>Nome completo:<br \/>\n<span class=\"wpcf7-form-control-wrap your-name\"><input type=\"text\" name=\"your-name\" value=\"\" size=\"40\" class=\"wpcf7-form-control wpcf7-text wpcf7-validates-as-required\" aria-required=\"true\" aria-invalid=\"false\" placeholder=\"Nome completo\" \/><\/span><\/p>\n<p>E-mail:<br \/>\n<span class=\"wpcf7-form-control-wrap your-email\"><input type=\"email\" name=\"your-email\" value=\"\" size=\"40\" class=\"wpcf7-form-control wpcf7-text wpcf7-email wpcf7-validates-as-required wpcf7-validates-as-email\" aria-required=\"true\" aria-invalid=\"false\" placeholder=\"E-mail\" \/><\/span><\/p>\n<p>Qual a sua experi\u00eancia?<br \/>\n<span class=\"wpcf7-form-control-wrap experiencia\"><span class=\"wpcf7-form-control wpcf7-checkbox wpcf7-validates-as-required\"><span class=\"wpcf7-list-item first\"><label><input type=\"checkbox\" name=\"experiencia[]\" value=\"Pratica astronomia amadora (observa\u00e7\u00e3o com telesc\u00f3pios ou bin\u00f3culos)\" \/><span class=\"wpcf7-list-item-label\">Pratica astronomia amadora (observa\u00e7\u00e3o com telesc\u00f3pios ou bin\u00f3culos)<\/span><\/label><\/span><span class=\"wpcf7-list-item\"><label><input type=\"checkbox\" name=\"experiencia[]\" value=\"Pratica astrofotografia\" \/><span class=\"wpcf7-list-item-label\">Pratica astrofotografia<\/span><\/label><\/span><span class=\"wpcf7-list-item\"><label><input type=\"checkbox\" name=\"experiencia[]\" value=\"Pertence a algum grupo ou associa\u00e7\u00e3o astron\u00f4mica\" \/><span class=\"wpcf7-list-item-label\">Pertence a algum grupo ou associa\u00e7\u00e3o astron\u00f4mica<\/span><\/label><\/span><span class=\"wpcf7-list-item\"><label><input type=\"checkbox\" name=\"experiencia[]\" value=\"\u00c9 professor em mat\u00e9rias relacionadas \u00e0 astronomia\" \/><span class=\"wpcf7-list-item-label\">\u00c9 professor em mat\u00e9rias relacionadas \u00e0 astronomia<\/span><\/label><\/span><span class=\"wpcf7-list-item\"><label><input type=\"checkbox\" name=\"experiencia[]\" value=\"\u00c9 pesquisador em temas relacionados \u00e0 astronomia\" \/><span class=\"wpcf7-list-item-label\">\u00c9 pesquisador em temas relacionados \u00e0 astronomia<\/span><\/label><\/span><span class=\"wpcf7-list-item\"><label><input type=\"checkbox\" name=\"experiencia[]\" value=\"J\u00e1 fez observa\u00e7\u00e3o visual de chuvas de meteoros\" \/><span class=\"wpcf7-list-item-label\">J\u00e1 fez observa\u00e7\u00e3o visual de chuvas de meteoros<\/span><\/label><\/span><span class=\"wpcf7-list-item\"><label><input type=\"checkbox\" name=\"experiencia[]\" value=\"Tem ou teve uma esta\u00e7\u00e3o de monitoramento de meteoros\" \/><span class=\"wpcf7-list-item-label\">Tem ou teve uma esta\u00e7\u00e3o de monitoramento de meteoros<\/span><\/label><\/span><span class=\"wpcf7-list-item last\"><label><input type=\"checkbox\" name=\"experiencia[]\" value=\"Nenhuma experi\u00eancia na \u00e1rea\" \/><span class=\"wpcf7-list-item-label\">Nenhuma experi\u00eancia na \u00e1rea<\/span><\/label><\/span><\/span><\/span><\/p>\n<p>Como conheceu a BRAMON?<br \/>\n<span class=\"wpcf7-form-control-wrap como-conheceu\"><textarea name=\"como-conheceu\" cols=\"40\" rows=\"10\" class=\"wpcf7-form-control wpcf7-textarea\" aria-invalid=\"false\" placeholder=\"Como conheceu a BRAMON?\"><\/textarea><\/span><\/p>\n<p>J\u00e1 participou de alguma iniciativa semelhante?<br \/>\n<span class=\"wpcf7-form-control-wrap japarticipou\"><span class=\"wpcf7-form-control wpcf7-checkbox wpcf7-validates-as-required wpcf7-exclusive-checkbox\"><span class=\"wpcf7-list-item first\"><label><input type=\"checkbox\" name=\"japarticipou\" value=\"Sim\" \/><span class=\"wpcf7-list-item-label\">Sim<\/span><\/label><\/span><span class=\"wpcf7-list-item last\"><label><input type=\"checkbox\" name=\"japarticipou\" value=\"N\u00e3o\" \/><span class=\"wpcf7-list-item-label\">N\u00e3o<\/span><\/label><\/span><\/span><\/span><\/p>\n<p>Cidade \/ Estado:<br \/>\n<span class=\"wpcf7-form-control-wrap your-city\"><input type=\"text\" name=\"your-city\" value=\"\" size=\"40\" class=\"wpcf7-form-control wpcf7-text\" aria-invalid=\"false\" placeholder=\"Cidade \/ Estado\" \/><\/span> <\/p>\n<p>Mensagem<br \/>\n<span class=\"wpcf7-form-control-wrap your-message\"><textarea name=\"your-message\" cols=\"40\" rows=\"10\" class=\"wpcf7-form-control wpcf7-textarea\" aria-invalid=\"false\"><\/textarea><\/span> <\/p>\n\n<p><input type=\"submit\" value=\"Enviar\" class=\"wpcf7-form-control wpcf7-submit button\" \/><\/p>\n<div class=\"wpcf7-response-output\" role=\"alert\" aria-hidden=\"true\"><\/div><\/form><\/div>\n","protected":false},"excerpt":{"rendered":"<div class=\"wpm_excerpt clearfix\"><p>A ades\u00e3o \u00e0 rede BRAMON \u00e9 simples e sem burocracias. Como integrante&hellip;<\/p>\n<\/div>","protected":false},"author":1,"featured_media":0,"parent":22,"menu_order":0,"comment_status":"closed","ping_status":"closed","template":"template-fullwidth.php","meta":{"spay_email":""},"jetpack-related-posts":[],"_links":{"self":[{"href":"https:\/\/www.bramonmeteor.org\/bramon\/wp-json\/wp\/v2\/pages\/55"}],"collection":[{"href":"https:\/\/www.bramonmeteor.org\/bramon\/wp-json\/wp\/v2\/pages"}],"about":[{"href":"https:\/\/www.bramonmeteor.org\/bramon\/wp-json\/wp\/v2\/types\/page"}],"author":[{"embeddable":true,"href":"https:\/\/www.bramonmeteor.org\/bramon\/wp-json\/wp\/v2\/users\/1"}],"replies":[{"embeddable":true,"href":"https:\/\/www.bramonmeteor.org\/bramon\/wp-json\/wp\/v2\/comments?post=55"}],"version-history":[{"count":14,"href":"https:\/\/www.bramonmeteor.org\/bramon\/wp-json\/wp\/v2\/pages\/55\/revisions"}],"predecessor-version":[{"id":2923,"href":"https:\/\/www.bramonmeteor.org\/bramon\/wp-json\/wp\/v2\/pages\/55\/revisions\/2923"}],"up":[{"embeddable":true,"href":"https:\/\/www.bramonmeteor.org\/bramon\/wp-json\/wp\/v2\/pages\/22"}],"wp:attachment":[{"href":"https:\/\/www.bramonmeteor.org\/bramon\/wp-json\/wp\/v2\/media?parent=55"}],"curies":[{"name":"wp","href":"https:\/\/api.w.org\/{rel}","templated":true}]}}