{"id":59,"date":"2018-06-11T10:29:28","date_gmt":"2018-06-11T13:29:28","guid":{"rendered":"http:\/\/www.bramonmeteor.org\/bramon\/\/?page_id=59"},"modified":"2019-09-27T11:00:54","modified_gmt":"2019-09-27T14:00:54","slug":"parcerias","status":"publish","type":"page","link":"http:\/\/www.bramonmeteor.org\/bramon\/a-bramon\/parcerias\/","title":{"rendered":"Parcerias"},"content":{"rendered":"<p>A BRAMON conta com a parceria de outras redes de monitoramento desde sua funda\u00e7\u00e3o, atrav\u00e9s de suporte t\u00e9cnico, cient\u00edfico e equipamentos que foram imprescind\u00edveis para o sucesso da rede brasileira. Externamos nosso agradecimento aos apoiadores por fazerem com que o Projeto BRAMON que foi idealizado hoje cres\u00e7a acima das metas estabelecidas no in\u00edcio da Rede.<\/p>\n","protected":false},"excerpt":{"rendered":"<div class=\"wpm_excerpt clearfix\"><p>A BRAMON conta com a parceria de outras redes de monitoramento desde&hellip;<\/p>\n<\/div>","protected":false},"author":1,"featured_media":0,"parent":22,"menu_order":0,"comment_status":"closed","ping_status":"closed","template":"inc\/page-parcerias.php","meta":{"spay_email":""},"jetpack-related-posts":[],"_links":{"self":[{"href":"http:\/\/www.bramonmeteor.org\/bramon\/wp-json\/wp\/v2\/pages\/59"}],"collection":[{"href":"http:\/\/www.bramonmeteor.org\/bramon\/wp-json\/wp\/v2\/pages"}],"about":[{"href":"http:\/\/www.bramonmeteor.org\/bramon\/wp-json\/wp\/v2\/types\/page"}],"author":[{"embeddable":true,"href":"http:\/\/www.bramonmeteor.org\/bramon\/wp-json\/wp\/v2\/users\/1"}],"replies":[{"embeddable":true,"href":"http:\/\/www.bramonmeteor.org\/bramon\/wp-json\/wp\/v2\/comments?post=59"}],"version-history":[{"count":5,"href":"http:\/\/www.bramonmeteor.org\/bramon\/wp-json\/wp\/v2\/pages\/59\/revisions"}],"predecessor-version":[{"id":2927,"href":"http:\/\/www.bramonmeteor.org\/bramon\/wp-json\/wp\/v2\/pages\/59\/revisions\/2927"}],"up":[{"embeddable":true,"href":"http:\/\/www.bramonmeteor.org\/bramon\/wp-json\/wp\/v2\/pages\/22"}],"wp:attachment":[{"href":"http:\/\/www.bramonmeteor.org\/bramon\/wp-json\/wp\/v2\/media?parent=59"}],"curies":[{"name":"wp","href":"https:\/\/api.w.org\/{rel}","templated":true}]}}