{"id":556,"date":"2015-10-22T22:25:09","date_gmt":"2015-10-23T01:25:09","guid":{"rendered":"http:\/\/www.bramonmeteor.org\/bramon\/?page_id=556"},"modified":"2015-10-22T22:25:09","modified_gmt":"2015-10-23T01:25:09","slug":"ferramentas","status":"publish","type":"page","link":"http:\/\/www.bramonmeteor.org\/bramon\/pesquisa\/ferramentas\/","title":{"rendered":"Ferramentas"},"content":{"rendered":"<p><\/p>\n<h3><a href=\"http:\/\/www.bramonmeteor.org\/bramon\/pesquisa\/ferramentas\/analise-de-logs-de-capturas\/\">Script de aux\u00edlio a an\u00e1lise de logs de capturas<\/a><\/h3>\n<p>Auxilia a confer\u00eancia do desvio padr\u00e3o (SD) durante a an\u00e1lise de capturas no Ufo Capture. Acesso restrito a operadores da rede<\/p>\n<hr \/>\n<p>&nbsp;<\/p>","protected":false},"excerpt":{"rendered":"<div class=\"wpm_excerpt clearfix\"><p>Script de aux\u00edlio a an\u00e1lise de logs de capturas Auxilia a confer\u00eancia&hellip;<\/p>\n<\/div>","protected":false},"author":2,"featured_media":0,"parent":3445,"menu_order":16,"comment_status":"closed","ping_status":"closed","template":"","meta":{"spay_email":""},"jetpack-related-posts":[],"_links":{"self":[{"href":"http:\/\/www.bramonmeteor.org\/bramon\/wp-json\/wp\/v2\/pages\/556"}],"collection":[{"href":"http:\/\/www.bramonmeteor.org\/bramon\/wp-json\/wp\/v2\/pages"}],"about":[{"href":"http:\/\/www.bramonmeteor.org\/bramon\/wp-json\/wp\/v2\/types\/page"}],"author":[{"embeddable":true,"href":"http:\/\/www.bramonmeteor.org\/bramon\/wp-json\/wp\/v2\/users\/2"}],"replies":[{"embeddable":true,"href":"http:\/\/www.bramonmeteor.org\/bramon\/wp-json\/wp\/v2\/comments?post=556"}],"version-history":[{"count":0,"href":"http:\/\/www.bramonmeteor.org\/bramon\/wp-json\/wp\/v2\/pages\/556\/revisions"}],"up":[{"embeddable":true,"href":"http:\/\/www.bramonmeteor.org\/bramon\/wp-json\/wp\/v2\/pages\/3445"}],"wp:attachment":[{"href":"http:\/\/www.bramonmeteor.org\/bramon\/wp-json\/wp\/v2\/media?parent=556"}],"curies":[{"name":"wp","href":"https:\/\/api.w.org\/{rel}","templated":true}]}}