{"id":554,"date":"2015-10-22T22:24:37","date_gmt":"2015-10-23T01:24:37","guid":{"rendered":"http:\/\/www.bramonmeteor.org\/bramon\/?page_id=554"},"modified":"2015-10-22T22:24:37","modified_gmt":"2015-10-23T01:24:37","slug":"tutoriais","status":"publish","type":"page","link":"http:\/\/www.bramonmeteor.org\/bramon\/pesquisa\/tutoriais\/","title":{"rendered":"Tutoriais"},"content":{"rendered":"<p>Em breve alguns tutoriais interessantes para quem est\u00e1 montando ou j\u00e1 montou uma esta\u00e7\u00e3o de monitoramento de meteoros.<\/p>","protected":false},"excerpt":{"rendered":"<div class=\"wpm_excerpt clearfix\"><p>Em breve alguns tutoriais interessantes para quem est\u00e1 montando ou j\u00e1 montou&hellip;<\/p>\n<\/div>","protected":false},"author":2,"featured_media":0,"parent":3445,"menu_order":17,"comment_status":"closed","ping_status":"closed","template":"","meta":{"spay_email":""},"jetpack-related-posts":[],"_links":{"self":[{"href":"http:\/\/www.bramonmeteor.org\/bramon\/wp-json\/wp\/v2\/pages\/554"}],"collection":[{"href":"http:\/\/www.bramonmeteor.org\/bramon\/wp-json\/wp\/v2\/pages"}],"about":[{"href":"http:\/\/www.bramonmeteor.org\/bramon\/wp-json\/wp\/v2\/types\/page"}],"author":[{"embeddable":true,"href":"http:\/\/www.bramonmeteor.org\/bramon\/wp-json\/wp\/v2\/users\/2"}],"replies":[{"embeddable":true,"href":"http:\/\/www.bramonmeteor.org\/bramon\/wp-json\/wp\/v2\/comments?post=554"}],"version-history":[{"count":0,"href":"http:\/\/www.bramonmeteor.org\/bramon\/wp-json\/wp\/v2\/pages\/554\/revisions"}],"up":[{"embeddable":true,"href":"http:\/\/www.bramonmeteor.org\/bramon\/wp-json\/wp\/v2\/pages\/3445"}],"wp:attachment":[{"href":"http:\/\/www.bramonmeteor.org\/bramon\/wp-json\/wp\/v2\/media?parent=554"}],"curies":[{"name":"wp","href":"https:\/\/api.w.org\/{rel}","templated":true}]}}