{"id":402,"date":"2015-09-04T17:08:46","date_gmt":"2015-09-04T20:08:46","guid":{"rendered":"http:\/\/www.bramonmeteor.org\/bramon\/?page_id=402"},"modified":"2015-09-04T17:08:46","modified_gmt":"2015-09-04T20:08:46","slug":"sobre-a-bramon-2","status":"publish","type":"page","link":"http:\/\/www.bramonmeteor.org\/bramon\/sobre-a-bramon-2\/","title":{"rendered":"Sobre a BRAMON"},"content":{"rendered":"<p>A <strong>Rede Brasileira de Monitoramento de Meteoros<\/strong>\u00a0\u00e9 uma organiza\u00e7\u00e3o aberta e colaborativa, mantida por volunt\u00e1rios e colaboradores e sem fins lucrativos cuja miss\u00e3o \u00e9 desenvolver e operar uma rede para o monitoramento de meteoros, com o objetivo de produzir e fornecer dados cient\u00edficos \u00e0 comunidade atrav\u00e9s da an\u00e1lise de suas capturas, que s\u00e3o realizadas por esta\u00e7\u00f5es de monitoramento mantidas por seus membros.<\/p>\n<p>Parece uma coisa complicada, certo? Mas n\u00e3o \u00e9!<\/p>\n<p>Participar da BRAMON \u00e9 uma \u00f3tima oportunidade de contribuir de uma forma simples e prazerosa para a astronomia, coletando dados ou mesmo realizando pesquisas que podem resultar na amplia\u00e7\u00e3o de nosso conhecimento sobre o a hist\u00f3ria da forma\u00e7\u00e3o de nosso Sistema Solar.<\/p>\n<hr \/>\n<h2>Entre os objetivos da BRAMON, \u00a0os principais s\u00e3o:<\/h2>\n<p><img data-attachment-id=\"427\" data-permalink=\"http:\/\/www.bramonmeteor.org\/bramon\/17660_991746427502900_6008417142391527188_n\/\" data-orig-file=\"https:\/\/i2.wp.com\/www.bramonmeteor.org\/bramon\/wp-content\/uploads\/2015\/09\/17660_991746427502900_6008417142391527188_n.jpg?fit=350%2C216\" data-orig-size=\"350,216\" data-comments-opened=\"0\" data-image-meta=\"{&quot;aperture&quot;:&quot;0&quot;,&quot;credit&quot;:&quot;&quot;,&quot;camera&quot;:&quot;&quot;,&quot;caption&quot;:&quot;&quot;,&quot;created_timestamp&quot;:&quot;0&quot;,&quot;copyright&quot;:&quot;&quot;,&quot;focal_length&quot;:&quot;0&quot;,&quot;iso&quot;:&quot;0&quot;,&quot;shutter_speed&quot;:&quot;0&quot;,&quot;title&quot;:&quot;&quot;,&quot;orientation&quot;:&quot;1&quot;}\" data-image-title=\"17660_991746427502900_6008417142391527188_n\" data-image-description=\"\" data-medium-file=\"https:\/\/i2.wp.com\/www.bramonmeteor.org\/bramon\/wp-content\/uploads\/2015\/09\/17660_991746427502900_6008417142391527188_n.jpg?fit=300%2C185\" data-large-file=\"https:\/\/i2.wp.com\/www.bramonmeteor.org\/bramon\/wp-content\/uploads\/2015\/09\/17660_991746427502900_6008417142391527188_n.jpg?fit=350%2C216\" loading=\"lazy\" class=\"size-medium wp-image-427 alignleft\" src=\"https:\/\/i2.wp.com\/www.bramonmeteor.org\/bramon\/wp-content\/uploads\/2015\/09\/17660_991746427502900_6008417142391527188_n.jpg?resize=300%2C185\" alt=\"17660_991746427502900_6008417142391527188_n\" width=\"300\" height=\"185\" srcset=\"https:\/\/i2.wp.com\/www.bramonmeteor.org\/bramon\/wp-content\/uploads\/2015\/09\/17660_991746427502900_6008417142391527188_n.jpg?resize=300%2C185 300w, https:\/\/i2.wp.com\/www.bramonmeteor.org\/bramon\/wp-content\/uploads\/2015\/09\/17660_991746427502900_6008417142391527188_n.jpg?w=350 350w\" sizes=\"(max-width: 300px) 100vw, 300px\" data-recalc-dims=\"1\" \/><\/p>\n<ul>\n<li>Realizar a captura de meteoros em imagens para astrometria e c\u00e1lculo de suas \u00f3rbitas;<\/li>\n<li>Colaborar na cataloga\u00e7\u00e3o de novos radiantes de chuvas de meteoros;<\/li>\n<li>Realizar an\u00e1lises espectrogr\u00e1ficas de meteoros;<\/li>\n<li>Triangular poss\u00edveis locais de quedas de meteoritos;<\/li>\n<li>Coletar dados referentes a outros fen\u00f4menos que possam ser captados pelas esta\u00e7\u00f5es; e<\/li>\n<li>Agregar a colabora\u00e7\u00e3o p\u00fablica e de institui\u00e7\u00f5es de ensino b\u00e1sico e superior de forma a tornar a rede uma ferramenta de ensino e divulga\u00e7\u00e3o cient\u00edfica.<\/li>\n<\/ul>\n<hr \/>\n<h2>Quem s\u00e3o os membros da BRAMON?<\/h2>\n<p>Qualquer um interessado em colaborar com a pesquisa cient\u00edfica sobre meteoros pode se unir aos esfor\u00e7os da BRAMON, bastando apenas ter vontade de colaborar e algumas horas semanais para processar os resultados obtidos por sua esta\u00e7\u00e3o de capturas.<\/p>\n<p>Tanto pessoas jur\u00eddicas como escolas, universidades, institutos de pesquisa, planet\u00e1rios quanto pesquisadores e astr\u00f4nomos amadores e profissionais s\u00e3o bem vindos a compor a equipe da rede.<\/p>\n<p>N\u00e2o \u00e9 necess\u00e1rio conhecimento profundo sobre o assunto, uma vez que\u00a0todas as instru\u00e7\u00f5es de cria\u00e7\u00e3o e manuten\u00e7\u00e3o das esta\u00e7\u00f5es s\u00e3o repassadas dos membros mais antigos aos mais novos atrav\u00e9s de tutoriais, v\u00eddeos e mesmo aux\u00edlio remoto e\/ou presencial, quando poss\u00edvel.<\/p>\n<hr \/>\n<h2>Difus\u00e3o do conhecimento<\/h2>\n<p>A rede tem como principal meta a produ\u00e7\u00e3o e difus\u00e3o do conhecimento em sua \u00e1rea de atua\u00e7\u00e3o, sempre procurando e incentivando o trabalho em parceria\u00a0com entidades amadoras e profissionais.<\/p>\n<p>Sempre que poss\u00edvel, a BRAMON realiza parcerias para a troca de experi\u00eancias e dados com pesquisadores e entidades que desejem participar de qualquer pesquisa cient\u00edfica voltada ao estudo de eventos que possam ser capturados pelas esta\u00e7\u00f5es\u00a0da rede.<\/p>\n<p>Este conhecimento, por sua vez, deve sempre que poss\u00edvel ser de dom\u00ednio p\u00fablico<\/p>\n<hr \/>\n<h2>O Logotipo da BRAMON<\/h2>\n<p><img data-attachment-id=\"430\" data-permalink=\"http:\/\/www.bramonmeteor.org\/bramon\/bramon_logo-600\/\" data-orig-file=\"https:\/\/i2.wp.com\/www.bramonmeteor.org\/bramon\/wp-content\/uploads\/2015\/09\/bramon_logo-600.png?fit=600%2C234\" data-orig-size=\"600,234\" data-comments-opened=\"0\" data-image-meta=\"{&quot;aperture&quot;:&quot;0&quot;,&quot;credit&quot;:&quot;&quot;,&quot;camera&quot;:&quot;&quot;,&quot;caption&quot;:&quot;&quot;,&quot;created_timestamp&quot;:&quot;0&quot;,&quot;copyright&quot;:&quot;&quot;,&quot;focal_length&quot;:&quot;0&quot;,&quot;iso&quot;:&quot;0&quot;,&quot;shutter_speed&quot;:&quot;0&quot;,&quot;title&quot;:&quot;&quot;,&quot;orientation&quot;:&quot;0&quot;}\" data-image-title=\"bramon_logo-600\" data-image-description=\"\" data-medium-file=\"https:\/\/i2.wp.com\/www.bramonmeteor.org\/bramon\/wp-content\/uploads\/2015\/09\/bramon_logo-600.png?fit=300%2C117\" data-large-file=\"https:\/\/i2.wp.com\/www.bramonmeteor.org\/bramon\/wp-content\/uploads\/2015\/09\/bramon_logo-600.png?fit=600%2C234\" class=\"wp-image-430 size-full alignleft\" src=\"https:\/\/i2.wp.com\/www.bramonmeteor.org\/bramon\/wp-content\/uploads\/2015\/09\/bramon_logo-600.png?w=50%25\" alt=\"bramon_logo-600\" srcset=\"https:\/\/i2.wp.com\/www.bramonmeteor.org\/bramon\/wp-content\/uploads\/2015\/09\/bramon_logo-600.png?w=600 600w, https:\/\/i2.wp.com\/www.bramonmeteor.org\/bramon\/wp-content\/uploads\/2015\/09\/bramon_logo-600.png?resize=300%2C117 300w\" sizes=\"(max-width: 600px) 100vw, 600px\" data-recalc-dims=\"1\" \/><\/p>\n<p>O Logotipo da BRAMON\u00a0\u00e9 representado por um mapa do Brasil estilizado, formado por uma hipot\u00e9tica chuva de meteoros tendo como radiante o\u00a0seu centro.<\/p>\n<p>Ele apresenta,\u00a0em v\u00e1rios aspectos, os principais\u00a0objetivos\u00a0da rede, como\u00a0a busca de radiantes de meteoros no hemisf\u00e9rio sul, a uni\u00e3o de seus diferentes membros em torno de um objetivo comum ao mesmo tempo que tamb\u00e9m explicita o esp\u00edrito da rede na busca pela difus\u00e3o do conhecimento\u00a0adquirido atrav\u00e9s de suas atividades.<\/p>\n<p>Uma caracter\u00edstica importante \u00e9 que o novo logotipo da rede, desenhado pela <a href=\"http:\/\/fabricadecriacao.com.br\/\" target=\"_blank\" rel=\"noopener noreferrer\">Fabrica de Cria\u00e7\u00e3o<\/a> e escolhido em vota\u00e7\u00e3o pelos membros da BRAMON tem como detentor de seus direitos todos os seus operadores, n\u00e3o pertencendo, portanto a nenhum de seus membros em especial e podendo ser usado livremente em qualquer publica\u00e7\u00e3o relacionada a rede, como artigos de jornais, videos, websites, Wikipedia, entre outros.<\/p>\n<hr \/>\n<h2>Os dados coletados pela rede!<\/h2>\n<p>Principal produto da BRAMON, os dados coletados poder\u00e3o ser\u00a0utilizados tanto por membros da rede quanto por qualquer institui\u00e7\u00e3o ou pessoa que pretenda utiliza-los para a realiza\u00e7\u00e3o de pesquisas cient\u00edficas. A \u00fanica contrapartida \u00e9 que, nos trabalhos resultantes, os cr\u00e9ditos sejam atribu\u00eddos\u00a0a todos os operadores que colaboraram na coleta de dados.<br \/>\nEnt\u00e3o, sinta-se \u00e0 vontade para requisitar dados necess\u00e1rios a sua pesquisa.<\/p>","protected":false},"excerpt":{"rendered":"<div class=\"wpm_excerpt clearfix\"><p>A Rede Brasileira de Monitoramento de Meteoros\u00a0\u00e9 uma organiza\u00e7\u00e3o aberta e colaborativa,&hellip;<\/p>\n<\/div>","protected":false},"author":2,"featured_media":0,"parent":0,"menu_order":29,"comment_status":"closed","ping_status":"closed","template":"","meta":{"spay_email":""},"jetpack-related-posts":[],"_links":{"self":[{"href":"http:\/\/www.bramonmeteor.org\/bramon\/wp-json\/wp\/v2\/pages\/402"}],"collection":[{"href":"http:\/\/www.bramonmeteor.org\/bramon\/wp-json\/wp\/v2\/pages"}],"about":[{"href":"http:\/\/www.bramonmeteor.org\/bramon\/wp-json\/wp\/v2\/types\/page"}],"author":[{"embeddable":true,"href":"http:\/\/www.bramonmeteor.org\/bramon\/wp-json\/wp\/v2\/users\/2"}],"replies":[{"embeddable":true,"href":"http:\/\/www.bramonmeteor.org\/bramon\/wp-json\/wp\/v2\/comments?post=402"}],"version-history":[{"count":0,"href":"http:\/\/www.bramonmeteor.org\/bramon\/wp-json\/wp\/v2\/pages\/402\/revisions"}],"wp:attachment":[{"href":"http:\/\/www.bramonmeteor.org\/bramon\/wp-json\/wp\/v2\/media?parent=402"}],"curies":[{"name":"wp","href":"https:\/\/api.w.org\/{rel}","templated":true}]}}