{"id":359,"date":"2015-08-29T16:35:04","date_gmt":"2015-08-29T19:35:04","guid":{"rendered":"http:\/\/www.bramonmeteor.org\/bramon\/?page_id=359"},"modified":"2015-08-29T16:35:04","modified_gmt":"2015-08-29T19:35:04","slug":"como-obter-coordenadas-e-outros-dados","status":"publish","type":"page","link":"http:\/\/www.bramonmeteor.org\/bramon\/como-obter-coordenadas-e-outros-dados\/","title":{"rendered":"Como obter coordenadas e outros dados"},"content":{"rendered":"<p>Veja como obter dados\u00a0geogr\u00e1ficos e de apontamento das esta\u00e7\u00f5es.<\/p>\n<h3>Coordenadas (latitude e longitude)<\/h3>\n<p>Op\u00e7\u00e3o 1: utilize um GPS (em regi\u00f5es com muita interfer\u00eancia, como pr\u00e9dios em volta, prefira usar a op\u00e7\u00e3o abaixo).<\/p>\n<p>Op\u00e7\u00e3o 2: d\u00ea o zoom m\u00e1ximo no Google Maps no ponto em que a esta\u00e7\u00e3o vai ficar, clique sobre o ponto exato, embaixo da tela vai aparecer um quadro com as coordenadas.<\/p>\n<p>Op\u00e7\u00e3o 3: utilize seu smartphone.\u00a0No iPhone voc\u00ea pode ver a coordenada do ponto onde voc\u00ea est\u00e1 usando o aplicativo de b\u00fassola (nesse caso, converta as coordenadas para UTM usando esse site: <a href=\"http:\/\/www.dpi.inpe.br\/calcula\" target=\"_blank\" rel=\"noopener noreferrer\">www.dpi.inpe.br\/calcula<\/a>).<\/p>\n<p><em>Observe que latitudes ao Sul devem ser indicadas com valor negativo, assim como as longitudes \u00e0 Oeste.<\/em><\/p>\n<div id=\"attachment_364\" style=\"width: 179px\" class=\"wp-caption alignnone\"><a href=\"https:\/\/i2.wp.com\/www.bramonmeteor.org\/bramon\/wp-content\/uploads\/2015\/08\/coordenadas.jpg\"><img aria-describedby=\"caption-attachment-364\" data-attachment-id=\"364\" data-permalink=\"http:\/\/www.bramonmeteor.org\/bramon\/coordenadas\/\" data-orig-file=\"https:\/\/i2.wp.com\/www.bramonmeteor.org\/bramon\/wp-content\/uploads\/2015\/08\/coordenadas.jpg?fit=640%2C1136\" data-orig-size=\"640,1136\" data-comments-opened=\"0\" data-image-meta=\"{&quot;aperture&quot;:&quot;0&quot;,&quot;credit&quot;:&quot;&quot;,&quot;camera&quot;:&quot;&quot;,&quot;caption&quot;:&quot;&quot;,&quot;created_timestamp&quot;:&quot;0&quot;,&quot;copyright&quot;:&quot;&quot;,&quot;focal_length&quot;:&quot;0&quot;,&quot;iso&quot;:&quot;0&quot;,&quot;shutter_speed&quot;:&quot;0&quot;,&quot;title&quot;:&quot;&quot;,&quot;orientation&quot;:&quot;0&quot;}\" data-image-title=\"Coordenadas no iPhone\" data-image-description=\"\" data-medium-file=\"https:\/\/i2.wp.com\/www.bramonmeteor.org\/bramon\/wp-content\/uploads\/2015\/08\/coordenadas.jpg?fit=169%2C300\" data-large-file=\"https:\/\/i2.wp.com\/www.bramonmeteor.org\/bramon\/wp-content\/uploads\/2015\/08\/coordenadas.jpg?fit=577%2C1024\" loading=\"lazy\" class=\"wp-image-364 size-medium\" src=\"https:\/\/i2.wp.com\/www.bramonmeteor.org\/bramon\/wp-content\/uploads\/2015\/08\/coordenadas.jpg?resize=169%2C300\" alt=\"Coordenadas no iPhone: ficam na primeira tela da b\u00fassola\" width=\"169\" height=\"300\" srcset=\"https:\/\/i2.wp.com\/www.bramonmeteor.org\/bramon\/wp-content\/uploads\/2015\/08\/coordenadas.jpg?resize=169%2C300 169w, https:\/\/i2.wp.com\/www.bramonmeteor.org\/bramon\/wp-content\/uploads\/2015\/08\/coordenadas.jpg?resize=577%2C1024 577w, https:\/\/i2.wp.com\/www.bramonmeteor.org\/bramon\/wp-content\/uploads\/2015\/08\/coordenadas.jpg?w=640 640w\" sizes=\"(max-width: 169px) 100vw, 169px\" data-recalc-dims=\"1\" \/><\/a><p id=\"caption-attachment-364\" class=\"wp-caption-text\">Coordenadas no iPhone: ficam na primeira tela da b\u00fassola<\/p><\/div>\n<h3>Altitude<\/h3>\n<p>Op\u00e7\u00e3o 1: utilize um alt\u00edmetro, ou um aplicativo de alt\u00edmetro de seu smartphone.<\/p>\n<p>Op\u00e7\u00e3o 2: informe as coordenadas <a href=\"http:\/\/www.daftlogic.com\/sandbox-google-maps-find-altitude.htm\" target=\"_blank\" rel=\"noopener noreferrer\">neste site<\/a>, clique sobre o ponto onde fica a esta\u00e7\u00e3o, baixo do mapa aparecer\u00e1 a altitude em metros, some \u00e0 altura em que a c\u00e2mera est\u00e1.<\/p>\n<h3>Eleva\u00e7\u00e3o<\/h3>\n<p>Op\u00e7\u00e3o 1: utilize um teodolito.<\/p>\n<p>Op\u00e7\u00e3o 2: utilize um n\u00edvel de bolha para encontrar o valor zero na horizontal e um transferidor para medir o \u00e2ngulo da c\u00e2mera em rela\u00e7\u00e3o a essa superf\u00edcie horizontal.<\/p>\n<p>Op\u00e7\u00e3o 3: utilize seu smartphone. No iPhone, abra a b\u00fassola e troque para a segunda tela, ent\u00e3o posicione seu aparelho no mesmo \u00e2ngulo para onde o centro de &#8220;vis\u00e3o&#8221; da c\u00e2mera est\u00e1 apontando, isso funciona bem at\u00e9 o \u00e2ngulo de 45\u00ba.<\/p>\n<div id=\"attachment_367\" style=\"width: 179px\" class=\"wp-caption alignnone\"><a href=\"https:\/\/i1.wp.com\/www.bramonmeteor.org\/bramon\/wp-content\/uploads\/2015\/08\/elevacao.jpg\"><img aria-describedby=\"caption-attachment-367\" data-attachment-id=\"367\" data-permalink=\"http:\/\/www.bramonmeteor.org\/bramon\/elevacao\/\" data-orig-file=\"https:\/\/i1.wp.com\/www.bramonmeteor.org\/bramon\/wp-content\/uploads\/2015\/08\/elevacao.jpg?fit=640%2C1136\" data-orig-size=\"640,1136\" data-comments-opened=\"0\" data-image-meta=\"{&quot;aperture&quot;:&quot;0&quot;,&quot;credit&quot;:&quot;&quot;,&quot;camera&quot;:&quot;&quot;,&quot;caption&quot;:&quot;&quot;,&quot;created_timestamp&quot;:&quot;0&quot;,&quot;copyright&quot;:&quot;&quot;,&quot;focal_length&quot;:&quot;0&quot;,&quot;iso&quot;:&quot;0&quot;,&quot;shutter_speed&quot;:&quot;0&quot;,&quot;title&quot;:&quot;&quot;,&quot;orientation&quot;:&quot;0&quot;}\" data-image-title=\"Eleva\u00e7\u00e3o no iPhone\" data-image-description=\"\" data-medium-file=\"https:\/\/i1.wp.com\/www.bramonmeteor.org\/bramon\/wp-content\/uploads\/2015\/08\/elevacao.jpg?fit=169%2C300\" data-large-file=\"https:\/\/i1.wp.com\/www.bramonmeteor.org\/bramon\/wp-content\/uploads\/2015\/08\/elevacao.jpg?fit=577%2C1024\" loading=\"lazy\" class=\"wp-image-367 size-medium\" src=\"https:\/\/i1.wp.com\/www.bramonmeteor.org\/bramon\/wp-content\/uploads\/2015\/08\/elevacao.jpg?resize=169%2C300\" alt=\"Eleva\u00e7\u00e3o no iPhone: fica na segunda tela do aplicativo de b\u00fassola\" width=\"169\" height=\"300\" srcset=\"https:\/\/i1.wp.com\/www.bramonmeteor.org\/bramon\/wp-content\/uploads\/2015\/08\/elevacao.jpg?resize=169%2C300 169w, https:\/\/i1.wp.com\/www.bramonmeteor.org\/bramon\/wp-content\/uploads\/2015\/08\/elevacao.jpg?resize=577%2C1024 577w, https:\/\/i1.wp.com\/www.bramonmeteor.org\/bramon\/wp-content\/uploads\/2015\/08\/elevacao.jpg?w=640 640w\" sizes=\"(max-width: 169px) 100vw, 169px\" data-recalc-dims=\"1\" \/><\/a><p id=\"caption-attachment-367\" class=\"wp-caption-text\">Eleva\u00e7\u00e3o no iPhone: fica na segunda tela do aplicativo de b\u00fassola<\/p><\/div>\n<h3>Azimute<\/h3>\n<p>Op\u00e7\u00e3o 1: utilize uma b\u00fassola como mostra <a href=\"https:\/\/www.youtube.com\/watch?v=gNm8Qac6k9U\" target=\"_blank\" rel=\"noopener noreferrer\">este\u00a0v\u00eddeo<\/a>.<\/p>\n<p>Op\u00e7\u00e3o 2: utilize a b\u00fassola de seu smartphone (ap\u00f3s calibrar). No iPhone \u00e9 o valor em graus que aparece grande na tela, aponte a parte superior do telefone para onde a c\u00e2mera est\u00e1 apontando.<\/p>\n<p>Aten\u00e7\u00e3o: n\u00e3o aproxime sua b\u00fassola ou smartphone da c\u00e2mera ou outros objetos met\u00e1licos durante a medi\u00e7\u00e3o. Para o valor mais preciso, \u00e9 obrigat\u00f3rio somar a declina\u00e7\u00e3o magn\u00e9tica ao azimute. Voc\u00ea pode obter a\u00a0magn\u00e9tica <a href=\"http:\/\/www.on.br\/conteudo\/modelo.php?endereco=servicos\/servicos.html\" target=\"_blank\" rel=\"noopener noreferrer\">neste site<\/a>, informando ano, latitude, longitude e eleva\u00e7\u00e3o.<\/p>\n<div id=\"attachment_365\" style=\"width: 179px\" class=\"wp-caption alignnone\"><a href=\"https:\/\/i2.wp.com\/www.bramonmeteor.org\/bramon\/wp-content\/uploads\/2015\/08\/azimute.jpg\"><img aria-describedby=\"caption-attachment-365\" data-attachment-id=\"365\" data-permalink=\"http:\/\/www.bramonmeteor.org\/bramon\/azimute\/\" data-orig-file=\"https:\/\/i2.wp.com\/www.bramonmeteor.org\/bramon\/wp-content\/uploads\/2015\/08\/azimute.jpg?fit=640%2C1136\" data-orig-size=\"640,1136\" data-comments-opened=\"0\" data-image-meta=\"{&quot;aperture&quot;:&quot;0&quot;,&quot;credit&quot;:&quot;&quot;,&quot;camera&quot;:&quot;&quot;,&quot;caption&quot;:&quot;&quot;,&quot;created_timestamp&quot;:&quot;0&quot;,&quot;copyright&quot;:&quot;&quot;,&quot;focal_length&quot;:&quot;0&quot;,&quot;iso&quot;:&quot;0&quot;,&quot;shutter_speed&quot;:&quot;0&quot;,&quot;title&quot;:&quot;&quot;,&quot;orientation&quot;:&quot;0&quot;}\" data-image-title=\"Azimute no iPhone\" data-image-description=\"\" data-medium-file=\"https:\/\/i2.wp.com\/www.bramonmeteor.org\/bramon\/wp-content\/uploads\/2015\/08\/azimute.jpg?fit=169%2C300\" data-large-file=\"https:\/\/i2.wp.com\/www.bramonmeteor.org\/bramon\/wp-content\/uploads\/2015\/08\/azimute.jpg?fit=577%2C1024\" loading=\"lazy\" class=\"wp-image-365 size-medium\" src=\"https:\/\/i2.wp.com\/www.bramonmeteor.org\/bramon\/wp-content\/uploads\/2015\/08\/azimute.jpg?resize=169%2C300\" alt=\"Azimute no iPhone: valor em destaque na primeira tela da b\u00fassola\" width=\"169\" height=\"300\" srcset=\"https:\/\/i2.wp.com\/www.bramonmeteor.org\/bramon\/wp-content\/uploads\/2015\/08\/azimute.jpg?resize=169%2C300 169w, https:\/\/i2.wp.com\/www.bramonmeteor.org\/bramon\/wp-content\/uploads\/2015\/08\/azimute.jpg?resize=577%2C1024 577w, https:\/\/i2.wp.com\/www.bramonmeteor.org\/bramon\/wp-content\/uploads\/2015\/08\/azimute.jpg?w=640 640w\" sizes=\"(max-width: 169px) 100vw, 169px\" data-recalc-dims=\"1\" \/><\/a><p id=\"caption-attachment-365\" class=\"wp-caption-text\">Azimute no iPhone: valor em destaque na primeira tela da b\u00fassola<\/p><\/div>\n<h3>Field of View (profundidade de campo)<\/h3>\n<p>Com as informa\u00e7\u00f5es da c\u00e2mera, fa\u00e7a o c\u00e1lculo em um desses sites:<\/p>\n<ul>\n<li data-wpview-marker=\"http%3A%2F%2Fwww.12dstring.me.uk%2Ffov.htm\"><a href=\"http:\/\/www.12dstring.me.uk\/fov.htm\" target=\"_blank\" rel=\"noopener noreferrer\">www.12dstring.me.uk\/fov.htm<\/a><\/li>\n<li data-wpview-marker=\"http%3A%2F%2Fwww.12dstring.me.uk%2Ffov.htm\"><a href=\"http:\/\/www.12dstring.me.uk\/fov.htm\" target=\"_blank\" rel=\"noopener noreferrer\">www.12dstring.me.uk\/fov.htm<\/a><\/li>\n<li data-wpview-marker=\"https%3A%2F%2Fwww.pelco.com%2Fpartners%2Ftools-calculators%2Fcamera-lens-field-of-view-calculator-fov\"><a href=\"https:\/\/www.pelco.com\/partners\/tools-calculators\/camera-lens-field-of-view-calculator-fov\" target=\"_blank\" rel=\"noopener noreferrer\">www.pelco.com\/partners\/tools-calculators\/camera-lens-field-of-view-calculator-fov<\/a><\/li>\n<li data-wpview-marker=\"http%3A%2F%2Fwww.tawbaware.com%2Fmaxlyons%2Fcalc.htm\"><a href=\"http:\/\/www.tawbaware.com\/maxlyons\/calc.htm\" target=\"_blank\" rel=\"noopener noreferrer\">www.tawbaware.com\/maxlyons\/calc.htm<\/a><\/li>\n<li data-wpview-marker=\"http%3A%2F%2Fwww.tawbaware.com%2Fmaxlyons%2Fcalc.htm\"><a href=\"http:\/\/cartola.org\/arquivos\/calc-pt_br.html\" target=\"_blank\" rel=\"noopener noreferrer\">cartola.org\/arquivos\/calc-pt_br.html<\/a><\/li>\n<\/ul>\n<h3>Rota\u00e7\u00e3o<\/h3>\n<p>&#8230;<\/p>","protected":false},"excerpt":{"rendered":"<div class=\"wpm_excerpt clearfix\"><p>Veja como obter dados\u00a0geogr\u00e1ficos e de apontamento das esta\u00e7\u00f5es. Coordenadas (latitude e&hellip;<\/p>\n<\/div>","protected":false},"author":67,"featured_media":0,"parent":0,"menu_order":19,"comment_status":"closed","ping_status":"closed","template":"","meta":{"spay_email":""},"jetpack-related-posts":[],"_links":{"self":[{"href":"http:\/\/www.bramonmeteor.org\/bramon\/wp-json\/wp\/v2\/pages\/359"}],"collection":[{"href":"http:\/\/www.bramonmeteor.org\/bramon\/wp-json\/wp\/v2\/pages"}],"about":[{"href":"http:\/\/www.bramonmeteor.org\/bramon\/wp-json\/wp\/v2\/types\/page"}],"author":[{"embeddable":true,"href":"http:\/\/www.bramonmeteor.org\/bramon\/wp-json\/wp\/v2\/users\/67"}],"replies":[{"embeddable":true,"href":"http:\/\/www.bramonmeteor.org\/bramon\/wp-json\/wp\/v2\/comments?post=359"}],"version-history":[{"count":0,"href":"http:\/\/www.bramonmeteor.org\/bramon\/wp-json\/wp\/v2\/pages\/359\/revisions"}],"wp:attachment":[{"href":"http:\/\/www.bramonmeteor.org\/bramon\/wp-json\/wp\/v2\/media?parent=359"}],"curies":[{"name":"wp","href":"https:\/\/api.w.org\/{rel}","templated":true}]}}