{"id":3447,"date":"2015-08-18T19:46:38","date_gmt":"2015-08-18T22:46:38","guid":{"rendered":"http:\/\/www.bramonmeteor.org\/bramon\/?page_id=29"},"modified":"2015-08-18T19:46:38","modified_gmt":"2015-08-18T22:46:38","slug":"sobre-a-bramon","status":"publish","type":"page","link":"http:\/\/www.bramonmeteor.org\/bramon\/sobre-a-bramon-2\/sobre-a-bramon\/","title":{"rendered":"Diretrizes"},"content":{"rendered":"<p><\/p>\n<h2 style=\"text-align: left;\">Quem somos<\/h2>\n<p style=\"text-align: left;\">A BRAMON \u00e9 uma organiza\u00e7\u00e3o sem fins lucrativos que busca contribuir, com dados coletados e analisados, na realiza\u00e7\u00e3o de estudos cient\u00edficos sobre meteoros no Hemisf\u00e9rio Sul.<\/p>\n<p style=\"text-align: left;\"><strong>Objetivos<\/strong><\/p>\n<ul style=\"text-align: left;\">\n<li>Registrar meteoros para realiza\u00e7\u00e3o de astrometria e c\u00e1lculo de suas \u00f3rbitas;<\/li>\n<li>Catalogar novos radiantes de chuvas de meteoros;<\/li>\n<li><span class=\"notranslate\">Ampliar a rede com equipamentos de baixo custo, para monitoramento da atividade cont\u00ednua de meteoros sobre o hemisf\u00e9rio sul;<\/span><\/li>\n<li><span class=\"notranslate\"> Auxiliar membros nas an\u00e1lises de dados de meteoros e publicar artigos;<\/span><\/li>\n<li><span class=\"notranslate\"> Compartilhar conhecimento com indiv\u00edduos e organiza\u00e7\u00f5es (observat\u00f3rios, escolas e faculdades);<\/span><\/li>\n<\/ul>\n<p style=\"text-align: left;\">A BRAMON n\u00e3o possui uma organiza\u00e7\u00e3o hier\u00e1rquica r\u00edgida, sendo uma rede de organiza\u00e7\u00e3o horizontal e colaborativa. Qualquer operador pode e \u00e9 incentivado a participar das atividades da rede, desde que esteja qualificado tecnicamente para tanto, podendo realizar qualquer tarefa na manuten\u00e7\u00e3o e aperfei\u00e7oamento, al\u00e9m de utilizar os dados produzidos pelas esta\u00e7\u00f5es de monitoramento em trabalhos cient\u00edficos.<\/p>\n<p>&nbsp;<\/p>","protected":false},"excerpt":{"rendered":"<div class=\"wpm_excerpt clearfix\"><p>Quem somos A BRAMON \u00e9 uma organiza\u00e7\u00e3o sem fins lucrativos que busca&hellip;<\/p>\n<\/div>","protected":false},"author":67,"featured_media":0,"parent":402,"menu_order":30,"comment_status":"closed","ping_status":"closed","template":"","meta":{"spay_email":""},"jetpack-related-posts":[],"_links":{"self":[{"href":"http:\/\/www.bramonmeteor.org\/bramon\/wp-json\/wp\/v2\/pages\/3447"}],"collection":[{"href":"http:\/\/www.bramonmeteor.org\/bramon\/wp-json\/wp\/v2\/pages"}],"about":[{"href":"http:\/\/www.bramonmeteor.org\/bramon\/wp-json\/wp\/v2\/types\/page"}],"author":[{"embeddable":true,"href":"http:\/\/www.bramonmeteor.org\/bramon\/wp-json\/wp\/v2\/users\/67"}],"replies":[{"embeddable":true,"href":"http:\/\/www.bramonmeteor.org\/bramon\/wp-json\/wp\/v2\/comments?post=3447"}],"version-history":[{"count":0,"href":"http:\/\/www.bramonmeteor.org\/bramon\/wp-json\/wp\/v2\/pages\/3447\/revisions"}],"up":[{"embeddable":true,"href":"http:\/\/www.bramonmeteor.org\/bramon\/wp-json\/wp\/v2\/pages\/402"}],"wp:attachment":[{"href":"http:\/\/www.bramonmeteor.org\/bramon\/wp-json\/wp\/v2\/media?parent=3447"}],"curies":[{"name":"wp","href":"https:\/\/api.w.org\/{rel}","templated":true}]}}