{"id":2020,"date":"2018-06-18T16:28:20","date_gmt":"2018-06-18T19:28:20","guid":{"rendered":"http:\/\/www.bramonmeteor.org\/bramon\/?page_id=2020"},"modified":"2018-06-18T16:28:20","modified_gmt":"2018-06-18T19:28:20","slug":"bramon-na-imc-2018","status":"publish","type":"page","link":"http:\/\/www.bramonmeteor.org\/bramon\/bramon-na-imc-2018\/","title":{"rendered":"Bramon na IMC 2018"},"content":{"rendered":"<p><a href=\"https:\/\/i2.wp.com\/www.bramonmeteor.org\/bramon\/wp-content\/uploads\/2018\/06\/bramon_imc2018.jpg\"><img data-attachment-id=\"1948\" data-permalink=\"http:\/\/www.bramonmeteor.org\/bramon\/bramon_imc2018\/\" data-orig-file=\"https:\/\/i2.wp.com\/www.bramonmeteor.org\/bramon\/wp-content\/uploads\/2018\/06\/bramon_imc2018.jpg?fit=865%2C400\" data-orig-size=\"865,400\" data-comments-opened=\"0\" data-image-meta=\"{&quot;aperture&quot;:&quot;0&quot;,&quot;credit&quot;:&quot;&quot;,&quot;camera&quot;:&quot;&quot;,&quot;caption&quot;:&quot;&quot;,&quot;created_timestamp&quot;:&quot;0&quot;,&quot;copyright&quot;:&quot;&quot;,&quot;focal_length&quot;:&quot;0&quot;,&quot;iso&quot;:&quot;0&quot;,&quot;shutter_speed&quot;:&quot;0&quot;,&quot;title&quot;:&quot;&quot;,&quot;orientation&quot;:&quot;0&quot;}\" data-image-title=\"bramon_imc2018\" data-image-description=\"\" data-medium-file=\"https:\/\/i2.wp.com\/www.bramonmeteor.org\/bramon\/wp-content\/uploads\/2018\/06\/bramon_imc2018.jpg?fit=300%2C139\" data-large-file=\"https:\/\/i2.wp.com\/www.bramonmeteor.org\/bramon\/wp-content\/uploads\/2018\/06\/bramon_imc2018.jpg?fit=854%2C395\" loading=\"lazy\" class=\"alignnone size-full wp-image-1948 aligncenter\" src=\"https:\/\/i2.wp.com\/www.bramonmeteor.org\/bramon\/wp-content\/uploads\/2018\/06\/bramon_imc2018.jpg?resize=854%2C395\" alt=\"\" width=\"854\" height=\"395\" srcset=\"https:\/\/i2.wp.com\/www.bramonmeteor.org\/bramon\/wp-content\/uploads\/2018\/06\/bramon_imc2018.jpg?w=865 865w, https:\/\/i2.wp.com\/www.bramonmeteor.org\/bramon\/wp-content\/uploads\/2018\/06\/bramon_imc2018.jpg?resize=300%2C139 300w, https:\/\/i2.wp.com\/www.bramonmeteor.org\/bramon\/wp-content\/uploads\/2018\/06\/bramon_imc2018.jpg?resize=768%2C355 768w\" sizes=\"(max-width: 854px) 100vw, 854px\" data-recalc-dims=\"1\" \/><\/a><\/p>\n<p>&nbsp;<\/p>\n<p>Mais uma vez a BRAMON tem um grande desafio \u00e0 sua frente: Representar o Brasil na International Meteor Conference e defender diante dos maiores especialistas do mundo suas conquistas, entre elas as 127 novas chuvas de meteoros, o primeiro impacto lunar confirmado registrado em territ\u00f3rio brasileiro e os novos m\u00e9todos e softwares que revolucionaram a busca por novos radiantes.<\/p>\n<p>Por\u00e9m, como todos sabem, a BRAMON \u00e9 uma entidade sem financiamento de qualquer esp\u00e9cie, que depende exclusivamente do trabalho volunt\u00e1rio de seus membros e de seus colaboradores, que financiam de seus pr\u00f3prios bolsos todo o trabalho realizado pela rede. Ent\u00e3o, para fazer nosso representante presente, estamos iniciando a campanha BRAMON no IMC 2018 e assim como no ano passado, vamos contar com a contribui\u00e7\u00e3o de todos os que valorizam e acreditam na ci\u00eancia feita por esses cidad\u00e3os.<\/p>\n<p>Mais detalhes sobre esse desafio <a href=\"http:\/\/www.bramonmeteor.org\/bramon\/imc-2018-o-mais-novo-desafio-da-bramon\/\" target=\"_blank\" rel=\"noopener noreferrer\">aqui<\/a>.<\/p>\n<h3>O que \u00e9 a campanha?<\/h3>\n<p>A campanha BRAMON no IMC 2018 \u00e9 uma camapnha de financiamento coletivo que busca recursos para enviarmos nosso representante \u00e0 Eslov\u00e1quia para realizar apresenta\u00e7\u00f5es orais sobre a rede. O escolhido foi Lauriston Trindade, uma vez que o mesmo conhece a fundo toda a metodologia empregada nas descobertas, al\u00e9m de j\u00e1 possui a experi\u00eancia adquirida na confer\u00eancia de 2017.<\/p>\n<p>A ferramenta escolhida foi a <a href=\"http:\/\/vaka.me\/gry9zp\" target=\"_blank\" rel=\"noopener noreferrer\">Vakinha<\/a>, j\u00e1 utilizada na camapanha anterior, e a contribui\u00e7\u00e3o pode ser feita de duas formas. Precisamos arrecadar R$ 9.000,00 para cobrir as despesas or\u00e7adas da seguinte forma:<\/p>\n<p><a href=\"https:\/\/i2.wp.com\/www.bramonmeteor.org\/bramon\/wp-content\/uploads\/2018\/06\/orcamento.png\"><img data-attachment-id=\"2043\" data-permalink=\"http:\/\/www.bramonmeteor.org\/bramon\/orcamento\/\" data-orig-file=\"https:\/\/i2.wp.com\/www.bramonmeteor.org\/bramon\/wp-content\/uploads\/2018\/06\/orcamento.png?fit=1039%2C283\" data-orig-size=\"1039,283\" data-comments-opened=\"0\" data-image-meta=\"{&quot;aperture&quot;:&quot;0&quot;,&quot;credit&quot;:&quot;&quot;,&quot;camera&quot;:&quot;&quot;,&quot;caption&quot;:&quot;&quot;,&quot;created_timestamp&quot;:&quot;0&quot;,&quot;copyright&quot;:&quot;&quot;,&quot;focal_length&quot;:&quot;0&quot;,&quot;iso&quot;:&quot;0&quot;,&quot;shutter_speed&quot;:&quot;0&quot;,&quot;title&quot;:&quot;&quot;,&quot;orientation&quot;:&quot;0&quot;}\" data-image-title=\"Orcamento IMC2018\" data-image-description=\"\" data-medium-file=\"https:\/\/i2.wp.com\/www.bramonmeteor.org\/bramon\/wp-content\/uploads\/2018\/06\/orcamento.png?fit=300%2C82\" data-large-file=\"https:\/\/i2.wp.com\/www.bramonmeteor.org\/bramon\/wp-content\/uploads\/2018\/06\/orcamento.png?fit=854%2C233\" loading=\"lazy\" class=\"alignnone wp-image-2043\" src=\"https:\/\/i2.wp.com\/www.bramonmeteor.org\/bramon\/wp-content\/uploads\/2018\/06\/orcamento.png?resize=640%2C174\" width=\"640\" height=\"174\" srcset=\"https:\/\/i2.wp.com\/www.bramonmeteor.org\/bramon\/wp-content\/uploads\/2018\/06\/orcamento.png?resize=1024%2C279 1024w, https:\/\/i2.wp.com\/www.bramonmeteor.org\/bramon\/wp-content\/uploads\/2018\/06\/orcamento.png?resize=300%2C82 300w, https:\/\/i2.wp.com\/www.bramonmeteor.org\/bramon\/wp-content\/uploads\/2018\/06\/orcamento.png?resize=768%2C209 768w, https:\/\/i2.wp.com\/www.bramonmeteor.org\/bramon\/wp-content\/uploads\/2018\/06\/orcamento.png?w=1039 1039w\" sizes=\"(max-width: 640px) 100vw, 640px\" data-recalc-dims=\"1\" \/><\/a><\/p>\n<p>Alguns itens, como as passagens, possuem pre\u00e7o flutuante o que impede que haja um or\u00e7amento mais preciso. Mas, o or\u00e7amento n\u00e3o \u00e9 grande, a meta n\u00e3o \u00e9 dif\u00edcil de se alcan\u00e7ar, mas o retorno para a ci\u00eancia brasileira, esse sim \u00e9 enorme.<\/p>\n<h3>Transpar\u00eancia<\/h3>\n<p>Quem doa para a campanha, doa com uma \u00fanica finalidade: contribuir com a ci\u00eancia. E para que todos tenham a certeza que o dinheiro arrecadado est\u00e1 sendo bem utilizado, disponibilizamos uma planilha com o extrato da movimenta\u00e7\u00e3o do dinheiro arrecadado tanto na Vakinha quanto direto na conta corrente.\u00a0Qualquer um pode acessar e acompanhar exatamente como seu dinheiro est\u00e1 sendo gasto.<\/p>\n<p>Acesse o link e confira:\u00a0<a href=\"https:\/\/goo.gl\/yvGcLs\" target=\"_blank\" rel=\"noopener noreferrer\">https:\/\/goo.gl\/yvGcLs<\/a><\/p>\n<h3>Como participar?<\/h3>\n<p>Interessados podem colaborar\u00a0das seguintes formas:<\/p>\n<ul>\n<li>Com doa\u00e7\u00f5es a partir de R$ 20,00 no cart\u00e3o ou no boleto. Link para Vakinha:<\/li>\n<\/ul>\n<p style=\"padding-left: 60px;\"><span style=\"font-size: 28px;\"><a href=\"http:\/\/vaka.me\/gry9zp\">http:\/\/vaka.me\/gry9zp<\/a><\/span><\/p>\n<ul>\n<li>Compartilhando essa not\u00edcia para que ela chegue at\u00e9 as pessoas que querem e podem contribuir<\/li>\n<\/ul>\n<p style=\"padding-left: 60px;\">[DISPLAY_ULTIMATE_SOCIAL_ICONS]<\/p>\n<ul>\n<li>Empresas ou institui\u00e7\u00f5es que desejarem patrocinar\u00a0mesmo que parcialmente estes custos, pedimos que entrem em contato atrav\u00e9s do email <a href=\"mailto:bramon@bramonmeteor.org\" target=\"_blank\" rel=\"noopener noreferrer\">bramon@bramonmeteor.org<\/a><\/li>\n<\/ul>\n<p>Este ano, assim como no ano passado, vamos confeccionar algumas camisas especialmente para o evento. Mas dessa vez, o nome de cada pessoa que contribuir com o projeto ser\u00e1 gravado na camisa que ser\u00e1 enviada para a Eslov\u00e1quia. Levaremos conosco aqueles que nos levam cada vez mais longe!<\/p>\n<p>&nbsp;<\/p>\n<h3>Status atual<\/h3>\n<p>At\u00e9 o momento (22\/08\/2018 9:00) j\u00e1 arrecadamos:<\/p>\n<p><span style=\"font-size: 36px;\">R$ 9.173,00<\/span><\/p>\n<p>Isso corresponde a:<\/p>\n<p><span style=\"font-size: 36px;\">101.92%<\/span> da meta.<\/p>\n<p>Mesmo alcan\u00e7ando a meta inicial de R$ 9.000,00, seguiremos com a campanha porque com a eleva\u00e7\u00e3o na cota\u00e7\u00e3o do Euro nos \u00faltimos dias, os custos da viagem subiram substancialmente.<\/p>\n<p>Um extrato com as doa\u00e7\u00f5es e as despesas j\u00e1 efetuadas com os valores arrecadados pode ser acessada <a href=\"https:\/\/goo.gl\/yvGcLs\" target=\"_blank\" rel=\"noopener noreferrer\">aqui<\/a>.<\/p>\n<p><a href=\"http:\/\/vaka.me\/gry9zp\" target=\"_blank\" rel=\"noopener noreferrer\">Fa\u00e7a sua doa\u00e7\u00e3o<\/a>.<\/p>\n<h3>Sorteios<\/h3>\n<p>No\u00a0dia 1\u00b0 de Julho, foi sorteada a primeira camisa da campanha\u00a0BRAMON na IMC 2018 durante a <a href=\"https:\/\/youtu.be\/dQ9H4MfL69o\" target=\"_blank\" rel=\"noopener noreferrer\">Live de lan\u00e7amento da campanha<\/a>. O sorteado, Izaac Silva Leite, receber\u00e1 uma camisa da BRAMON edi\u00e7\u00e3o especial IMC 2018.<\/p>\n<p>No dia 15 de Julho, realizamos a <a href=\"https:\/\/youtu.be\/B866ehFJaEA\">Segunda Live da Campanha<\/a>, onde falamos sobre meteoros e meteoritos com a Profa. Dra.\u00a0<a class=\"profileLink\" href=\"https:\/\/www.facebook.com\/mariaelizabeth.zucolotto?fref=mentions\" data-hovercard=\"\/ajax\/hovercard\/user.php?id=100002601433500&amp;extragetparams=%7B%22fref%22%3A%22mentions%22%7D\" data-hovercard-prefer-more-content-show=\"1\">Maria Elizabeth Zucolotto<\/a>\u00a0do Museu Nacional do Rio de Janeiro e tamb\u00e9m sorteamos uma fatia do Meteorito Trenton entre os doadores da Campanha Bramon na IMC 2018.<\/p>\n<p>Na <a href=\"https:\/\/youtu.be\/dD-tJWx-fQQ\" target=\"_blank\" rel=\"noopener noreferrer\">Terceira Live da Campanha<\/a>, em 29 de julho, batemos um papo sobre o evento de Chelyabinsk, o maior evento de impacto dos \u00faltimos 50 anos e o mais registrado de todos os tempos. Foram sorteados 2 fragmentos do meteorito Chelyabinsk, sendo um deles entre os que compartilharam o post da campanha e outro entre os doadores da campanha. Ao final, tamb\u00e9m sorteamos 2 outros fragmentos menores entre os espectadores da Live.<\/p>\n<p>No s\u00e1bado, 11 de agosto, realizamos a\u00a0<a href=\"https:\/\/youtu.be\/7OzdIl2NNlk\" target=\"_blank\" rel=\"noopener noreferrer\">Quarta Live da Campanha<\/a>\u00a0com o tema &#8220;A Chuva de Meteoros Perseidas&#8221;, onde contamos com a presen\u00e7a do Schwarza do <a href=\"https:\/\/www.youtube.com\/channel\/UCWq1xltHB2fDe6YkYoOrryg\" target=\"_blank\" rel=\"noopener noreferrer\">Canal Poligonautas<\/a> e sorteamos tr\u00eas livros\u00a0<span class=\"text_exposed_show\">entre os doadores da campanha BRAMON na IMC 2018. O primeiro livro\u00a0sorteado foi\u00a0o lan\u00e7amento do Schwarza, <a href=\"https:\/\/youtu.be\/TDAFSu_Elyw\" target=\"_blank\" rel=\"noopener noreferrer\">Do \u00c1tomo ao Buraco Negro<\/a>, depois sorteamos o livro Decifrando os Meteoritos da Beth Zucolotto e por \u00faltimo, o livro Astronomia Hoje, que\u00a0re\u00fane 14 artigos publicados na revista\u00a0Ci\u00eancia Hoje\u00a0em 2009 e 2010.<\/span><\/p>\n<p>No domingo, 19 de agosto,\u00a0participamos de uma Live\u00a0no Canal\u00a0<a href=\"https:\/\/www.youtube.com\/user\/AstronomiaAoVivo\" target=\"_blank\" rel=\"noopener noreferrer\">Astronomia Ao Vivo<\/a>\u00a0mostrando falando sobre a BRAMON, a Campanha para o IMC 2018 e onde montamos ao vivo uma esta\u00e7\u00e3o de monitoramento de meteoros da BRAMON (<a href=\"https:\/\/youtu.be\/ST1bD7dCS68\" target=\"_blank\" rel=\"noopener noreferrer\">veja aqui<\/a>). Na ocasi\u00e3o, sorteamos\u00a0uma fatia do meteorito\u00a0NWA 515\u00a0<span class=\"text_exposed_show\">entre os doadores da campanha BRAMON na IMC 2018.\u00a0<\/span><\/p>\n<p>Nessa sexta feira, 24\u00a0de agosto, participamos de uma\u00a0<a href=\"https:\/\/youtu.be\/UPFGJuBj54o\" target=\"_blank\" rel=\"noopener noreferrer\">Live no Canal Space Today<\/a>\u00a0juntamente com outros grandes parceiros da astronomia amadora e da divulga\u00e7\u00e3o cient\u00edfica entrando na reta final da campanha.\u00a0Foram abordados diversos temas relacionados \u00e0 astronomia e tamb\u00e9m, \u00e9 l\u00f3gico, falamos da Campanha e da import\u00e2ncia da participa\u00e7\u00e3o brasileira na maior confer\u00eancia sobre meteoros do mundo.<\/p>\n<h3>Pr\u00f3ximas atividades<\/h3>\n<p>E neste domingo, 26 de agosto, faremos a Live de encerramento da campanha\u00a0no <a href=\"https:\/\/www.youtube.com\/channel\/UCPFIrPzJFdkdcG4UCeXS3mg\" target=\"_blank\" rel=\"noopener noreferrer\">Canal da BRAMON<\/a> onde sortearemos uma esta\u00e7\u00e3o de meteoros completa, pronta para operar. A mesma esta\u00e7\u00e3o que montamos na <a href=\"https:\/\/www.youtube.com\/watch?v=ST1bD7dCS68\" target=\"_blank\" rel=\"noopener noreferrer\">Live do Astronomia Ao Vivo<\/a>. Tamb\u00e9m ser\u00e1 sorteado um fragmento de um meteorito lunar doado por Andr\u00e9 Moutinho e uma Camisa do <a href=\"https:\/\/www2.spacetodaystore.com\/\" target=\"_blank\" rel=\"noopener noreferrer\">Space Today Store<\/a> doada pelo S\u00e9rgio Sacani especialmente para a Campanha!<\/p>\n<p>&nbsp;<\/p>\n<p>Veja e compartilhe tamb\u00e9m o v\u00eddeo promocional da campanha:<\/p>\n<p><iframe title=\"Campanha - BRAMON na International Meteor Conference - 2018\" width=\"854\" height=\"480\" src=\"https:\/\/www.youtube.com\/embed\/NPO14Dpo0rM?feature=oembed\" frameborder=\"0\" allow=\"accelerometer; autoplay; clipboard-write; encrypted-media; gyroscope; picture-in-picture\" allowfullscreen><\/iframe><\/p>\n<h3><\/h3>\n<h3>Campanha 2017<\/h3>\n<p>Em 2017, a BRAMON tamb\u00e9m realizou uma campanha semelhante e como resultado, tivemos pela primeira vez na hist\u00f3ria, uma participa\u00e7\u00e3o brasileira na Confer\u00eancia Internacional de Meteoros.<\/p>\n<div id=\"attachment_1949\" style=\"width: 650px\" class=\"wp-caption alignnone\"><a href=\"https:\/\/i2.wp.com\/www.bramonmeteor.org\/bramon\/wp-content\/uploads\/2018\/06\/21950105_1557450300960839_5768870721617465547_o.jpg\"><img aria-describedby=\"caption-attachment-1949\" data-attachment-id=\"1949\" data-permalink=\"http:\/\/www.bramonmeteor.org\/bramon\/21950105_1557450300960839_5768870721617465547_o\/\" data-orig-file=\"https:\/\/i2.wp.com\/www.bramonmeteor.org\/bramon\/wp-content\/uploads\/2018\/06\/21950105_1557450300960839_5768870721617465547_o.jpg?fit=2048%2C1536\" data-orig-size=\"2048,1536\" data-comments-opened=\"0\" data-image-meta=\"{&quot;aperture&quot;:&quot;0&quot;,&quot;credit&quot;:&quot;&quot;,&quot;camera&quot;:&quot;&quot;,&quot;caption&quot;:&quot;&quot;,&quot;created_timestamp&quot;:&quot;0&quot;,&quot;copyright&quot;:&quot;&quot;,&quot;focal_length&quot;:&quot;0&quot;,&quot;iso&quot;:&quot;0&quot;,&quot;shutter_speed&quot;:&quot;0&quot;,&quot;title&quot;:&quot;&quot;,&quot;orientation&quot;:&quot;0&quot;}\" data-image-title=\"Lauriston apresenta os nomes dos que contribu\u00edram com a campanha durante o IMC 2017\" data-image-description=\"&lt;p&gt;Lauriston apresenta os nomes dos que contribu\u00edram com a campanha durante o IMC 2017&lt;\/p&gt;\n\" data-medium-file=\"https:\/\/i2.wp.com\/www.bramonmeteor.org\/bramon\/wp-content\/uploads\/2018\/06\/21950105_1557450300960839_5768870721617465547_o.jpg?fit=300%2C225\" data-large-file=\"https:\/\/i2.wp.com\/www.bramonmeteor.org\/bramon\/wp-content\/uploads\/2018\/06\/21950105_1557450300960839_5768870721617465547_o.jpg?fit=854%2C641\" loading=\"lazy\" class=\"wp-image-1949\" src=\"https:\/\/i2.wp.com\/www.bramonmeteor.org\/bramon\/wp-content\/uploads\/2018\/06\/21950105_1557450300960839_5768870721617465547_o.jpg?resize=640%2C480\" alt=\"Lauriston apresenta os nomes dos que contribu\u00edram com a campanha durante o IMC 2017\" width=\"640\" height=\"480\" srcset=\"https:\/\/i2.wp.com\/www.bramonmeteor.org\/bramon\/wp-content\/uploads\/2018\/06\/21950105_1557450300960839_5768870721617465547_o.jpg?resize=1024%2C768 1024w, https:\/\/i2.wp.com\/www.bramonmeteor.org\/bramon\/wp-content\/uploads\/2018\/06\/21950105_1557450300960839_5768870721617465547_o.jpg?resize=300%2C225 300w, https:\/\/i2.wp.com\/www.bramonmeteor.org\/bramon\/wp-content\/uploads\/2018\/06\/21950105_1557450300960839_5768870721617465547_o.jpg?resize=768%2C576 768w, https:\/\/i2.wp.com\/www.bramonmeteor.org\/bramon\/wp-content\/uploads\/2018\/06\/21950105_1557450300960839_5768870721617465547_o.jpg?resize=1536%2C1152 1536w, https:\/\/i2.wp.com\/www.bramonmeteor.org\/bramon\/wp-content\/uploads\/2018\/06\/21950105_1557450300960839_5768870721617465547_o.jpg?w=2048 2048w, https:\/\/i2.wp.com\/www.bramonmeteor.org\/bramon\/wp-content\/uploads\/2018\/06\/21950105_1557450300960839_5768870721617465547_o.jpg?w=1708 1708w\" sizes=\"(max-width: 640px) 100vw, 640px\" data-recalc-dims=\"1\" \/><\/a><p id=\"caption-attachment-1949\" class=\"wp-caption-text\">Lauriston apresenta os nomes dos que contribu\u00edram com a campanha durante o IMC 2017<\/p><\/div>\n<div class=\"tiled-gallery type-rectangular tiled-gallery-unresized\" data-original-width=\"854\" data-carousel-extra='{&quot;blog_id&quot;:1,&quot;permalink&quot;:&quot;http:\\\/\\\/www.bramonmeteor.org\\\/bramon\\\/bramon-na-imc-2018\\\/&quot;,&quot;likes_blog_id&quot;:167387043}' itemscope itemtype=\"http:\/\/schema.org\/ImageGallery\" > <div class=\"gallery-row\" style=\"width: 854px; height: 381px;\" data-original-width=\"854\" data-original-height=\"381\" > <div class=\"gallery-group images-1\" style=\"width: 570px; height: 381px;\" data-original-width=\"570\" data-original-height=\"381\" > <div class=\"tiled-gallery-item tiled-gallery-item-large\" itemprop=\"associatedMedia\" itemscope itemtype=\"http:\/\/schema.org\/ImageObject\"> <a href=\"http:\/\/www.bramonmeteor.org\/bramon\/34844846_1804506246255242_3684440697055739904_n\/\" border=\"0\" itemprop=\"url\"> <meta itemprop=\"width\" content=\"566\"> <meta itemprop=\"height\" content=\"377\"> <img data-attachment-id=\"2047\" data-orig-file=\"http:\/\/www.bramonmeteor.org\/bramon\/wp-content\/uploads\/2018\/06\/34844846_1804506246255242_3684440697055739904_n-scaled.jpg\" data-orig-size=\"2560,1706\" data-comments-opened=\"\" data-image-meta=\"{&quot;aperture&quot;:&quot;0&quot;,&quot;credit&quot;:&quot;&quot;,&quot;camera&quot;:&quot;&quot;,&quot;caption&quot;:&quot;&quot;,&quot;created_timestamp&quot;:&quot;0&quot;,&quot;copyright&quot;:&quot;&quot;,&quot;focal_length&quot;:&quot;0&quot;,&quot;iso&quot;:&quot;0&quot;,&quot;shutter_speed&quot;:&quot;0&quot;,&quot;title&quot;:&quot;&quot;,&quot;orientation&quot;:&quot;0&quot;}\" data-image-title=\"34844846_1804506246255242_3684440697055739904_n\" data-image-description=\"\" data-medium-file=\"https:\/\/i1.wp.com\/www.bramonmeteor.org\/bramon\/wp-content\/uploads\/2018\/06\/34844846_1804506246255242_3684440697055739904_n-scaled.jpg?fit=300%2C200\" data-large-file=\"https:\/\/i1.wp.com\/www.bramonmeteor.org\/bramon\/wp-content\/uploads\/2018\/06\/34844846_1804506246255242_3684440697055739904_n-scaled.jpg?fit=854%2C570\" src=\"https:\/\/i1.wp.com\/www.bramonmeteor.org\/bramon\/wp-content\/uploads\/2018\/06\/34844846_1804506246255242_3684440697055739904_n-scaled.jpg?w=566&#038;h=377\" width=\"566\" height=\"377\" data-original-width=\"566\" data-original-height=\"377\" itemprop=\"http:\/\/schema.org\/image\" title=\"34844846_1804506246255242_3684440697055739904_n\" alt=\"34844846_1804506246255242_3684440697055739904_n\" style=\"width: 566px; height: 377px;\" \/> <\/a> <\/div> <\/div> <!-- close group --> <div class=\"gallery-group images-2\" style=\"width: 284px; height: 381px;\" data-original-width=\"284\" data-original-height=\"381\" > <div class=\"tiled-gallery-item tiled-gallery-item-large\" itemprop=\"associatedMedia\" itemscope itemtype=\"http:\/\/schema.org\/ImageObject\"> <a href=\"http:\/\/www.bramonmeteor.org\/bramon\/34818808_1804506146255252_2652143129913720832_n\/\" border=\"0\" itemprop=\"url\"> <meta itemprop=\"width\" content=\"280\"> <meta itemprop=\"height\" content=\"186\"> <img data-attachment-id=\"2048\" data-orig-file=\"http:\/\/www.bramonmeteor.org\/bramon\/wp-content\/uploads\/2018\/06\/34818808_1804506146255252_2652143129913720832_n-scaled.jpg\" data-orig-size=\"2560,1706\" data-comments-opened=\"\" data-image-meta=\"{&quot;aperture&quot;:&quot;0&quot;,&quot;credit&quot;:&quot;&quot;,&quot;camera&quot;:&quot;&quot;,&quot;caption&quot;:&quot;&quot;,&quot;created_timestamp&quot;:&quot;0&quot;,&quot;copyright&quot;:&quot;&quot;,&quot;focal_length&quot;:&quot;0&quot;,&quot;iso&quot;:&quot;0&quot;,&quot;shutter_speed&quot;:&quot;0&quot;,&quot;title&quot;:&quot;&quot;,&quot;orientation&quot;:&quot;0&quot;}\" data-image-title=\"34818808_1804506146255252_2652143129913720832_n\" data-image-description=\"\" data-medium-file=\"https:\/\/i2.wp.com\/www.bramonmeteor.org\/bramon\/wp-content\/uploads\/2018\/06\/34818808_1804506146255252_2652143129913720832_n-scaled.jpg?fit=300%2C200\" data-large-file=\"https:\/\/i2.wp.com\/www.bramonmeteor.org\/bramon\/wp-content\/uploads\/2018\/06\/34818808_1804506146255252_2652143129913720832_n-scaled.jpg?fit=854%2C570\" src=\"https:\/\/i2.wp.com\/www.bramonmeteor.org\/bramon\/wp-content\/uploads\/2018\/06\/34818808_1804506146255252_2652143129913720832_n-scaled.jpg?w=280&#038;h=186\" width=\"280\" height=\"186\" data-original-width=\"280\" data-original-height=\"186\" itemprop=\"http:\/\/schema.org\/image\" title=\"34818808_1804506146255252_2652143129913720832_n\" alt=\"34818808_1804506146255252_2652143129913720832_n\" style=\"width: 280px; height: 186px;\" \/> <\/a> <\/div> <div class=\"tiled-gallery-item tiled-gallery-item-large\" itemprop=\"associatedMedia\" itemscope itemtype=\"http:\/\/schema.org\/ImageObject\"> <a href=\"http:\/\/www.bramonmeteor.org\/bramon\/34796533_1804506036255263_1399472014879621120_n-2\/\" border=\"0\" itemprop=\"url\"> <meta itemprop=\"width\" content=\"280\"> <meta itemprop=\"height\" content=\"187\"> <img data-attachment-id=\"2051\" data-orig-file=\"http:\/\/www.bramonmeteor.org\/bramon\/wp-content\/uploads\/2018\/06\/34796533_1804506036255263_1399472014879621120_n-1.jpg\" data-orig-size=\"2048,1365\" data-comments-opened=\"\" data-image-meta=\"{&quot;aperture&quot;:&quot;0&quot;,&quot;credit&quot;:&quot;&quot;,&quot;camera&quot;:&quot;&quot;,&quot;caption&quot;:&quot;&quot;,&quot;created_timestamp&quot;:&quot;0&quot;,&quot;copyright&quot;:&quot;&quot;,&quot;focal_length&quot;:&quot;0&quot;,&quot;iso&quot;:&quot;0&quot;,&quot;shutter_speed&quot;:&quot;0&quot;,&quot;title&quot;:&quot;&quot;,&quot;orientation&quot;:&quot;0&quot;}\" data-image-title=\"34796533_1804506036255263_1399472014879621120_n\" data-image-description=\"\" data-medium-file=\"https:\/\/i1.wp.com\/www.bramonmeteor.org\/bramon\/wp-content\/uploads\/2018\/06\/34796533_1804506036255263_1399472014879621120_n-1.jpg?fit=300%2C200\" data-large-file=\"https:\/\/i1.wp.com\/www.bramonmeteor.org\/bramon\/wp-content\/uploads\/2018\/06\/34796533_1804506036255263_1399472014879621120_n-1.jpg?fit=854%2C570\" src=\"https:\/\/i1.wp.com\/www.bramonmeteor.org\/bramon\/wp-content\/uploads\/2018\/06\/34796533_1804506036255263_1399472014879621120_n-1.jpg?w=280&#038;h=187\" width=\"280\" height=\"187\" data-original-width=\"280\" data-original-height=\"187\" itemprop=\"http:\/\/schema.org\/image\" title=\"34796533_1804506036255263_1399472014879621120_n\" alt=\"34796533_1804506036255263_1399472014879621120_n\" style=\"width: 280px; height: 187px;\" \/> <\/a> <\/div> <\/div> <!-- close group --> <\/div> <!-- close row --> <\/div>\n<p>&nbsp;<\/p>\n<p>Para saber como foi a participa\u00e7\u00e3o brasileira no IMC 2017.<\/p>\n<ul>\n<li><a href=\"http:\/\/www.bramonmeteor.org\/bramon\/bramon-e-o-brasil-na-imc-2017-petnica\/\">Brasil no IMC2017 &#8211; Parte 1<\/a><\/li>\n<li><a href=\"http:\/\/www.bramonmeteor.org\/bramon\/bramon-e-o-brasil-na-imc-2017-parte-2\/\">Brasil no IMC2017\u00a0&#8211; Parte 2<\/a><\/li>\n<li><a href=\"http:\/\/www.bramonmeteor.org\/bramon\/bramon-e-o-brasil-na-imc-2017-petnica-parte-3\/\">Brasil no IMC2017\u00a0&#8211;\u00a0Parte 3<\/a><\/li>\n<li><a href=\"http:\/\/www.bramonmeteor.org\/bramon\/bramon-e-o-brasil-na-imc-2017-petnica-parte-4\/\">Brasil no IMC2017\u00a0&#8211;\u00a0Parte 4<\/a><\/li>\n<li><a href=\"http:\/\/www.bramonmeteor.org\/bramon\/bramon-e-o-brasil-na-imc-2017-parte-5\/\">Brasil no IMC2017\u00a0&#8211;\u00a0Parte 5<\/a><\/li>\n<li><a href=\"http:\/\/www.bramonmeteor.org\/bramon\/bramon-e-o-brasil-na-imc-2017-parte-6\/\">Brasil no IMC2017\u00a0&#8211;\u00a0Parte 6<\/a><\/li>\n<li><a href=\"http:\/\/www.bramonmeteor.org\/bramon\/bramon-e-o-brasil-na-imc-2017-parte-7\/\">Brasil no IMC2017\u00a0&#8211;\u00a0Parte 7<\/a><\/li>\n<li><a href=\"http:\/\/www.bramonmeteor.org\/bramon\/bramon-e-o-brasil-na-imic-2017-parte-8\/\">Brasil no IMC2017\u00a0&#8211;\u00a0Parte 8<\/a><\/li>\n<\/ul>\n<p>&nbsp;<\/p>\n<ul>\n<li><a href=\"https:\/\/docs.google.com\/spreadsheets\/d\/1k7zov3Mk_ie6-KHhkYVWds3AK1uj4_jP9fS2ERyfaOY\/edit?usp=sharing\">Presta\u00e7\u00e3o de contas da Vakinha 2017<\/a><\/li>\n<\/ul>\n<p><\/p>","protected":false},"excerpt":{"rendered":"<div class=\"wpm_excerpt clearfix\"><p>Mais uma vez a BRAMON tem um grande desafio \u00e0 sua frente:&hellip;<\/p>\n<\/div>","protected":false},"author":2,"featured_media":1948,"parent":0,"menu_order":2,"comment_status":"closed","ping_status":"closed","template":"","meta":{"spay_email":""},"jetpack-related-posts":[],"_links":{"self":[{"href":"http:\/\/www.bramonmeteor.org\/bramon\/wp-json\/wp\/v2\/pages\/2020"}],"collection":[{"href":"http:\/\/www.bramonmeteor.org\/bramon\/wp-json\/wp\/v2\/pages"}],"about":[{"href":"http:\/\/www.bramonmeteor.org\/bramon\/wp-json\/wp\/v2\/types\/page"}],"author":[{"embeddable":true,"href":"http:\/\/www.bramonmeteor.org\/bramon\/wp-json\/wp\/v2\/users\/2"}],"replies":[{"embeddable":true,"href":"http:\/\/www.bramonmeteor.org\/bramon\/wp-json\/wp\/v2\/comments?post=2020"}],"version-history":[{"count":0,"href":"http:\/\/www.bramonmeteor.org\/bramon\/wp-json\/wp\/v2\/pages\/2020\/revisions"}],"wp:featuredmedia":[{"embeddable":true,"href":"http:\/\/www.bramonmeteor.org\/bramon\/wp-json\/wp\/v2\/media\/1948"}],"wp:attachment":[{"href":"http:\/\/www.bramonmeteor.org\/bramon\/wp-json\/wp\/v2\/media?parent=2020"}],"curies":[{"name":"wp","href":"https:\/\/api.w.org\/{rel}","templated":true}]}}