{"id":1832,"date":"2018-04-19T20:34:08","date_gmt":"2018-04-19T23:34:08","guid":{"rendered":"http:\/\/www.bramonmeteor.org\/bramon\/?page_id=1832"},"modified":"2018-04-19T20:34:08","modified_gmt":"2018-04-19T23:34:08","slug":"perguntas-mais-frequentes-impactos-lunares","status":"publish","type":"page","link":"http:\/\/www.bramonmeteor.org\/bramon\/perguntas-mais-frequentes-impactos-lunares\/","title":{"rendered":"Perguntas mais frequentes &#8211; Impactos Lunares"},"content":{"rendered":"<p><\/p>\n<h3><strong>Perguntas mais frequentes &#8211; Impactos Lunares<\/strong><\/h3>\n<p>Abaixo algumas das perguntas mais frequentes sobre a campanha de observa\u00e7\u00e3o de impactos lunares, al\u00e9m de algumas dicas e informa\u00e7\u00f5es de como participar.<\/p>\n<p><strong>Qualquer um pode participar da campanha?<\/strong><br \/>\nSim, qualquer pessoa que possua os equipamentos m\u00ednimos e tempo dispon\u00edvel pode participar da campanha. N\u00e3o existe nenhuma restri\u00e7\u00e3o.<\/p>\n<p><strong>Quais os equipamentos que tenho que ter para poder participar?<\/strong><br \/>\nPara gravar os v\u00eddeos da Lua, alguns equipamentos s\u00e3o necess\u00e1rios, mas nada que seja muito sofisticado. S\u00e3o os seguintes:<\/p>\n<ol>\n<li>Telesc\u00f3pio com sistema de\u00a0 acompanhamento.<\/li>\n<li>C\u00e2mera de video que possa se conectar ao PC (CCD ou CMOS astron\u00f4mico, DSLR, Webcam ou c\u00e2mera de vigil\u00e2ncia conectada com placa de captura).<\/li>\n<li>Computador com bastante espa\u00e7o de armazenamento.<\/li>\n<\/ol>\n<p>Nos Hangouts t\u00e9cnicos e tutoriais da Bramon, que podem ser encontrados no <a href=\"https:\/\/www.youtube.com\/channel\/UCPFIrPzJFdkdcG4UCeXS3mg\">Canal da rede no Youtube<\/a>, voc\u00ea encontra mais dicas de como realizar as grava\u00e7\u00f5es.<\/p>\n<p><strong>Tenho que participar de toda a campanha, ou posso participar apenas de uma parte?<\/strong><br \/>\nVoc\u00ea pode participar pelo tempo que sua disponibilidade determinar. Quanto mais tempo voc\u00ea gravar a Lua, mais chances de participar de uma descoberta, entretanto, n\u00e3o existe nenhuma restri\u00e7\u00e3o ou limita\u00e7\u00e3o quanto a isso!<\/p>\n<p><strong>Preciso estar em um local escuro para fazer as observa\u00e7\u00f5es?<\/strong><br \/>\nN\u00e3o, a Lua est\u00e1 acess\u00edvel a praticamente qualquer tipo de c\u00e9u, mesmo com polui\u00e7\u00e3o luminosa da cidade \u00e9 poss\u00edvel tentar fazer as grava\u00e7\u00f5es.<\/p>\n<p><strong>Eu terei que analizar os videos a procura de impactos?<\/strong><br \/>\nPossivelmente sim. A princ\u00edpio, um impacto lunar pode ser visto por v\u00e1rios observadores, ent\u00e3o se algu\u00e9m detectar algo, os demais observadores ser\u00e3o convocados para confirmar se o mesmo flash apareceu em seus v\u00eddeos, mas \u00e9 bastante interessante realizar a an\u00e1lise dos dados capturados! A Bramon tem um <a href=\"http:\/\/www.bramonmeteor.org\/programas\/Roteiro-de-Utiliza%c3%a7%c3%a3o-do-Lunarscan-V1.0.docx\">tutorial do LunarScan dispon\u00edvel para download<\/a>.<\/p>\n<p><strong>Quais softwares devo baixar?<\/strong><br \/>\nVoc\u00ea vai precisar do <a href=\"http:\/\/sharpcap.co.uk\/\">Sharpcap<\/a> (para captura de video) e do Lunarscan (para an\u00e1lise dos videos)<\/p>\n<p>Como eu configuro o SharpCap?<br \/>\nFizemos um <a href=\"https:\/\/youtu.be\/bRMIndpe-f0\">videotutorial<\/a> explicando como configurar e usar o programa.<\/p>\n<p>&nbsp;<\/p>","protected":false},"excerpt":{"rendered":"<div class=\"wpm_excerpt clearfix\"><p>Perguntas mais frequentes &#8211; Impactos Lunares Abaixo algumas das perguntas mais frequentes&hellip;<\/p>\n<\/div>","protected":false},"author":2,"featured_media":0,"parent":0,"menu_order":3,"comment_status":"closed","ping_status":"closed","template":"","meta":{"spay_email":""},"jetpack-related-posts":[],"_links":{"self":[{"href":"http:\/\/www.bramonmeteor.org\/bramon\/wp-json\/wp\/v2\/pages\/1832"}],"collection":[{"href":"http:\/\/www.bramonmeteor.org\/bramon\/wp-json\/wp\/v2\/pages"}],"about":[{"href":"http:\/\/www.bramonmeteor.org\/bramon\/wp-json\/wp\/v2\/types\/page"}],"author":[{"embeddable":true,"href":"http:\/\/www.bramonmeteor.org\/bramon\/wp-json\/wp\/v2\/users\/2"}],"replies":[{"embeddable":true,"href":"http:\/\/www.bramonmeteor.org\/bramon\/wp-json\/wp\/v2\/comments?post=1832"}],"version-history":[{"count":0,"href":"http:\/\/www.bramonmeteor.org\/bramon\/wp-json\/wp\/v2\/pages\/1832\/revisions"}],"wp:attachment":[{"href":"http:\/\/www.bramonmeteor.org\/bramon\/wp-json\/wp\/v2\/media?parent=1832"}],"curies":[{"name":"wp","href":"https:\/\/api.w.org\/{rel}","templated":true}]}}