{"id":1824,"date":"2018-04-19T18:12:41","date_gmt":"2018-04-19T21:12:41","guid":{"rendered":"http:\/\/www.bramonmeteor.org\/bramon\/?page_id=1824"},"modified":"2018-04-19T18:12:41","modified_gmt":"2018-04-19T21:12:41","slug":"campanha-de-observacao-de-impactos-lunares","status":"publish","type":"page","link":"http:\/\/www.bramonmeteor.org\/bramon\/campanha-de-observacao-de-impactos-lunares\/","title":{"rendered":"Campanha de Observa\u00e7\u00e3o de Impactos Lunares"},"content":{"rendered":"<p><a href=\"https:\/\/i2.wp.com\/www.bramonmeteor.org\/bramon\/wp-content\/uploads\/2018\/04\/campanha-y.png\"><img data-attachment-id=\"1825\" data-permalink=\"http:\/\/www.bramonmeteor.org\/bramon\/campanha-y\/\" data-orig-file=\"https:\/\/i2.wp.com\/www.bramonmeteor.org\/bramon\/wp-content\/uploads\/2018\/04\/campanha-y.png?fit=1920%2C1080\" data-orig-size=\"1920,1080\" data-comments-opened=\"0\" data-image-meta=\"{&quot;aperture&quot;:&quot;0&quot;,&quot;credit&quot;:&quot;&quot;,&quot;camera&quot;:&quot;&quot;,&quot;caption&quot;:&quot;&quot;,&quot;created_timestamp&quot;:&quot;0&quot;,&quot;copyright&quot;:&quot;&quot;,&quot;focal_length&quot;:&quot;0&quot;,&quot;iso&quot;:&quot;0&quot;,&quot;shutter_speed&quot;:&quot;0&quot;,&quot;title&quot;:&quot;&quot;,&quot;orientation&quot;:&quot;0&quot;}\" data-image-title=\"campanha y\" data-image-description=\"\" data-medium-file=\"https:\/\/i2.wp.com\/www.bramonmeteor.org\/bramon\/wp-content\/uploads\/2018\/04\/campanha-y.png?fit=300%2C169\" data-large-file=\"https:\/\/i2.wp.com\/www.bramonmeteor.org\/bramon\/wp-content\/uploads\/2018\/04\/campanha-y.png?fit=854%2C480\" loading=\"lazy\" class=\"size-medium wp-image-1825 alignleft\" src=\"https:\/\/i2.wp.com\/www.bramonmeteor.org\/bramon\/wp-content\/uploads\/2018\/04\/campanha-y.png?resize=300%2C169\" alt=\"\" width=\"300\" height=\"169\" srcset=\"https:\/\/i2.wp.com\/www.bramonmeteor.org\/bramon\/wp-content\/uploads\/2018\/04\/campanha-y.png?resize=300%2C169 300w, https:\/\/i2.wp.com\/www.bramonmeteor.org\/bramon\/wp-content\/uploads\/2018\/04\/campanha-y.png?resize=1024%2C576 1024w, https:\/\/i2.wp.com\/www.bramonmeteor.org\/bramon\/wp-content\/uploads\/2018\/04\/campanha-y.png?resize=768%2C432 768w, https:\/\/i2.wp.com\/www.bramonmeteor.org\/bramon\/wp-content\/uploads\/2018\/04\/campanha-y.png?resize=1536%2C864 1536w, https:\/\/i2.wp.com\/www.bramonmeteor.org\/bramon\/wp-content\/uploads\/2018\/04\/campanha-y.png?w=1920 1920w, https:\/\/i2.wp.com\/www.bramonmeteor.org\/bramon\/wp-content\/uploads\/2018\/04\/campanha-y.png?w=1708 1708w\" sizes=\"(max-width: 300px) 100vw, 300px\" data-recalc-dims=\"1\" \/><\/a><\/p>\n<p>Diariamente o planeta Terra \u00e9 bombardeado por detritos vindos do espa\u00e7o. Dezenas de toneladas de material atingem sua atmosfera, sendo que parte deles podem ser vistos na forma de meteoros e, em alguns casos, chegar ao solo na forma de meteoritos. Na Lua n\u00e3o \u00e9 diferente, rochas espaciais podem ating\u00ed-la a qualquer momento, por\u00e9m, sem uma atmosfera, o impacto se d\u00e1 diretamente na superf\u00edcie gerando flashes comumente chamados de TLP, Transient Lunar Phenomenon (Fen\u00f4meno Lunar Transiente).<\/p>\n<p>Durante as chuvas de meteoros, a probabilidade de se observar um TLP aumenta consideravelmente, e foi durante uma dessas chuvas, a Gemin\u00eddeas do ano de 2017, que foi realizada a Campanha Nacional de Observa\u00e7\u00e3o de Impactos Lunares, que\u00a0teve por objetivo monitorar a superf\u00edcie lunar no dia do pico da chuva a fim de detectar poss\u00edveis impactos de meteor\u00f3ides em sua superf\u00edcie.<\/p>\n<p>A partir do sucesso dessa primeira experi\u00eancia, que registrou o primeiro impacto lunar confirmado no Brasil, a BRAMON resolveu realizar campanhas de observa\u00e7\u00e3o sempre que as condi\u00e7\u00f5es foram favor\u00e1veis, convocando os astr\u00f4nomos amadores e profissionais do Brasil a coletar dados em busca de novos impactos.<\/p>\n<p>Para o ano de 2018, foram programadas 3 campanhas:<br \/>\n<strong>Lir\u00eddeos<\/strong> &#8211; Noites de 21 e 22 de agosto (<a href=\"http:\/\/www.bramonmeteor.org\/bramon\/bramon-abre-campanha-nacional-2018-para-registro-de-impactos-lunares\/\">Veja chamada da campanha<\/a>) &#8211; Hor\u00e1rio: Do anoitecer at\u00e9 o desaparecimento da Lua no horizonte.<br \/>\n<strong>Perseidas<\/strong> &#8211; Pico da chuva<br \/>\n<strong>Orion\u00eddeos<\/strong> &#8211; Pico da chuva<\/p>\n<p>Toda a comunidade astron\u00f4mica est\u00e1 convidada a participar das atividades da campanha, sendo muito simples capturar as imagens da Lua que s\u00e3o usadas na busca por impactos. Basta possuir um telesc\u00f3pio com guiagem, uma c\u00e2mera que possa ser ligada a um computador e fazer filmagem\u00a0(ccd astron\u00f4mico, c\u00e2mera da v\u00eddeo, DSLR, webcam, c\u00e2mera de seguran\u00e7a, etc).<\/p>\n<p>Para saber como fazer e analisar as observa\u00e7\u00f5es, <a href=\"http:\/\/www.bramonmeteor.org\/bramon\/perguntas-mais-frequentes-impactos-lunares\/\">acesse o FAQ da campanha<\/a>.<\/p>\n<p>Para se cadastrar, <a href=\"https:\/\/docs.google.com\/forms\/d\/e\/1FAIpQLSd5K7nGrMAxgYTQGMT0m8K24lOEDrN4TXTyFXdwsU5yvguHaQ\/viewform\">acesse o formul\u00e1rio.<\/a><\/p>\n<p>Qualquer d\u00favida, entre em contato conosco: <a href=\"mailto:bramon@bramonmeteor.org\">bramon@bramonmeteor.org<\/a><\/p>\n<p>Para ver os resultados da primeira campanha de observa\u00e7\u00e3o, realizada em dezembro de 2017, assista o video abaixo:<\/p>\n<p style=\"text-align: center;\"><iframe src=\"https:\/\/www.youtube.com\/embed\/vHl4u0Ujy4Q?rel=0&amp;showinfo=0\" width=\"560\" height=\"315\" frameborder=\"0\" allowfullscreen=\"allowfullscreen\"><\/iframe><\/p>\n<p><\/p>","protected":false},"excerpt":{"rendered":"<div class=\"wpm_excerpt clearfix\"><p>Diariamente o planeta Terra \u00e9 bombardeado por detritos vindos do espa\u00e7o. Dezenas&hellip;<\/p>\n<\/div>","protected":false},"author":2,"featured_media":0,"parent":0,"menu_order":4,"comment_status":"closed","ping_status":"closed","template":"","meta":{"spay_email":""},"jetpack-related-posts":[],"_links":{"self":[{"href":"http:\/\/www.bramonmeteor.org\/bramon\/wp-json\/wp\/v2\/pages\/1824"}],"collection":[{"href":"http:\/\/www.bramonmeteor.org\/bramon\/wp-json\/wp\/v2\/pages"}],"about":[{"href":"http:\/\/www.bramonmeteor.org\/bramon\/wp-json\/wp\/v2\/types\/page"}],"author":[{"embeddable":true,"href":"http:\/\/www.bramonmeteor.org\/bramon\/wp-json\/wp\/v2\/users\/2"}],"replies":[{"embeddable":true,"href":"http:\/\/www.bramonmeteor.org\/bramon\/wp-json\/wp\/v2\/comments?post=1824"}],"version-history":[{"count":0,"href":"http:\/\/www.bramonmeteor.org\/bramon\/wp-json\/wp\/v2\/pages\/1824\/revisions"}],"wp:attachment":[{"href":"http:\/\/www.bramonmeteor.org\/bramon\/wp-json\/wp\/v2\/media?parent=1824"}],"curies":[{"name":"wp","href":"https:\/\/api.w.org\/{rel}","templated":true}]}}