{"id":1725,"date":"2018-03-27T11:08:09","date_gmt":"2018-03-27T14:08:09","guid":{"rendered":"http:\/\/www.bramonmeteor.org\/bramon\/?page_id=1725"},"modified":"2018-03-27T11:08:09","modified_gmt":"2018-03-27T14:08:09","slug":"reentrada-da-tiangong-1-teste","status":"publish","type":"page","link":"http:\/\/www.bramonmeteor.org\/bramon\/reentrada-da-tiangong-1-teste\/","title":{"rendered":"Reentrada da Tiangong-1 &#8211; Teste"},"content":{"rendered":"<p><\/p>\n<h2>Acompanhe a Tiangong-1 em tempo (quase) real<\/h2>\n<\/div>\n<p><iframe style=\"width: 800px; height: 500px; border: none;\" src=\"http:\/\/www.satview.org\/?sat_id=37820U\" width=\"800\" height=\"500\" frameborder=\"0\"><br \/>\n<\/iframe><\/p>\n<p>Obs.: A posi\u00e7\u00e3o do sat\u00e9lite \u00e9 calculado em fun\u00e7\u00e3o dos \u00faltimos par\u00e2metros orbitais medidos e pode apresentar defasagem de alguns minutos em rela\u00e7\u00e3o \u00e0 posi\u00e7\u00e3o real, principalmente nas horas que antecedem \u00e0 reentrada.<\/p>\n<p>&nbsp;<\/p>\n<h2 class=\"post_content_holder\">Registros da Tiangong-1<\/h2>\n<div class=\"tiled-gallery type-rectangular tiled-gallery-unresized\" data-original-width=\"854\" data-carousel-extra='{&quot;blog_id&quot;:1,&quot;permalink&quot;:&quot;http:\\\/\\\/www.bramonmeteor.org\\\/bramon\\\/reentrada-da-tiangong-1-teste\\\/&quot;,&quot;likes_blog_id&quot;:167387043}' itemscope itemtype=\"http:\/\/schema.org\/ImageGallery\" > <div class=\"gallery-row\" style=\"width: 854px; height: 381px;\" data-original-width=\"854\" data-original-height=\"381\" > <div class=\"gallery-group images-1\" style=\"width: 570px; height: 381px;\" data-original-width=\"570\" data-original-height=\"381\" > <div class=\"tiled-gallery-item tiled-gallery-item-large\" itemprop=\"associatedMedia\" itemscope itemtype=\"http:\/\/schema.org\/ImageObject\"> <a href=\"http:\/\/www.bramonmeteor.org\/bramon\/m20170819_085018_brcfj_7p\/\" border=\"0\" itemprop=\"url\"> <meta itemprop=\"width\" content=\"566\"> <meta itemprop=\"height\" content=\"377\"> <img data-attachment-id=\"1680\" data-orig-file=\"http:\/\/www.bramonmeteor.org\/bramon\/wp-content\/uploads\/2018\/03\/M20170819_085018_BRCFJ_7P.jpg\" data-orig-size=\"720,480\" data-comments-opened=\"\" data-image-meta=\"{&quot;aperture&quot;:&quot;0&quot;,&quot;credit&quot;:&quot;&quot;,&quot;camera&quot;:&quot;&quot;,&quot;caption&quot;:&quot;&quot;,&quot;created_timestamp&quot;:&quot;0&quot;,&quot;copyright&quot;:&quot;&quot;,&quot;focal_length&quot;:&quot;0&quot;,&quot;iso&quot;:&quot;0&quot;,&quot;shutter_speed&quot;:&quot;0&quot;,&quot;title&quot;:&quot;&quot;,&quot;orientation&quot;:&quot;0&quot;}\" data-image-title=\"M20170819_085018_BRCFJ_7P\" data-image-description=\"\" data-medium-file=\"https:\/\/i2.wp.com\/www.bramonmeteor.org\/bramon\/wp-content\/uploads\/2018\/03\/M20170819_085018_BRCFJ_7P.jpg?fit=300%2C200\" data-large-file=\"https:\/\/i2.wp.com\/www.bramonmeteor.org\/bramon\/wp-content\/uploads\/2018\/03\/M20170819_085018_BRCFJ_7P.jpg?fit=720%2C480\" src=\"https:\/\/i2.wp.com\/www.bramonmeteor.org\/bramon\/wp-content\/uploads\/2018\/03\/M20170819_085018_BRCFJ_7P.jpg?w=566&#038;h=377\" width=\"566\" height=\"377\" data-original-width=\"566\" data-original-height=\"377\" itemprop=\"http:\/\/schema.org\/image\" title=\"M20170819_085018_BRCFJ_7P\" alt=\"Taquara, RS - 19\/08\/2017 - Dr. Carlos Jung\" style=\"width: 566px; height: 377px;\" \/> <\/a> <div class=\"tiled-gallery-caption\" itemprop=\"caption description\"> Taquara, RS &#8211; 19\/08\/2017 &#8211; Dr. Carlos Jung <\/div> <\/div> <\/div> <!-- close group --> <div class=\"gallery-group images-2\" style=\"width: 284px; height: 381px;\" data-original-width=\"284\" data-original-height=\"381\" > <div class=\"tiled-gallery-item tiled-gallery-item-large\" itemprop=\"associatedMedia\" itemscope itemtype=\"http:\/\/schema.org\/ImageObject\"> <a href=\"http:\/\/www.bramonmeteor.org\/bramon\/foto-guardada-com-configuracoes-defenidas\/\" border=\"0\" itemprop=\"url\"> <meta itemprop=\"width\" content=\"280\"> <meta itemprop=\"height\" content=\"186\"> <img data-attachment-id=\"1704\" data-orig-file=\"http:\/\/www.bramonmeteor.org\/bramon\/wp-content\/uploads\/2018\/03\/tiangong_20170718_Alexandre_amorim-1.jpg\" data-orig-size=\"640,426\" data-comments-opened=\"\" data-image-meta=\"{&quot;aperture&quot;:&quot;0&quot;,&quot;credit&quot;:&quot;&quot;,&quot;camera&quot;:&quot;&quot;,&quot;caption&quot;:&quot;Foto guardada - com configuracoes defenidas.&quot;,&quot;created_timestamp&quot;:&quot;0&quot;,&quot;copyright&quot;:&quot;&quot;,&quot;focal_length&quot;:&quot;0&quot;,&quot;iso&quot;:&quot;0&quot;,&quot;shutter_speed&quot;:&quot;0&quot;,&quot;title&quot;:&quot;Foto guardada - com configuracoes defenidas.&quot;,&quot;orientation&quot;:&quot;0&quot;}\" data-image-title=\"Tiangong 1 &#8211; Alexandre Amorim &#8211; Florianopolis, SC\" data-image-description=\"&lt;p&gt;Tiangong 1 &#8211; Alexandre Amorim &#8211; Florianopolis, SC&lt;\/p&gt; \" data-medium-file=\"https:\/\/i2.wp.com\/www.bramonmeteor.org\/bramon\/wp-content\/uploads\/2018\/03\/tiangong_20170718_Alexandre_amorim-1.jpg?fit=300%2C200\" data-large-file=\"https:\/\/i2.wp.com\/www.bramonmeteor.org\/bramon\/wp-content\/uploads\/2018\/03\/tiangong_20170718_Alexandre_amorim-1.jpg?fit=640%2C426\" src=\"https:\/\/i2.wp.com\/www.bramonmeteor.org\/bramon\/wp-content\/uploads\/2018\/03\/tiangong_20170718_Alexandre_amorim-1.jpg?w=280&#038;h=186\" width=\"280\" height=\"186\" data-original-width=\"280\" data-original-height=\"186\" itemprop=\"http:\/\/schema.org\/image\" title=\"Tiangong 1 - Alexandre Amorim - Florianopolis, SC\" alt=\"Tiangong 1 - Alexandre Amorim - Florianopolis, SC\" style=\"width: 280px; height: 186px;\" \/> <\/a> <div class=\"tiled-gallery-caption\" itemprop=\"caption description\"> Florian\u00f3polis, SC &#8211; 18\/07\/2017 &#8211; Alexandre Amorim <\/div> <\/div> <div class=\"tiled-gallery-item tiled-gallery-item-large\" itemprop=\"associatedMedia\" itemscope itemtype=\"http:\/\/schema.org\/ImageObject\"> <a href=\"http:\/\/www.bramonmeteor.org\/bramon\/13872810_1077041005666071_4305140345250622177_n\/\" border=\"0\" itemprop=\"url\"> <meta itemprop=\"width\" content=\"280\"> <meta itemprop=\"height\" content=\"187\"> <img data-attachment-id=\"1679\" data-orig-file=\"http:\/\/www.bramonmeteor.org\/bramon\/wp-content\/uploads\/2018\/03\/13872810_1077041005666071_4305140345250622177_n.jpg\" data-orig-size=\"720,480\" data-comments-opened=\"\" data-image-meta=\"{&quot;aperture&quot;:&quot;0&quot;,&quot;credit&quot;:&quot;&quot;,&quot;camera&quot;:&quot;&quot;,&quot;caption&quot;:&quot;&quot;,&quot;created_timestamp&quot;:&quot;0&quot;,&quot;copyright&quot;:&quot;&quot;,&quot;focal_length&quot;:&quot;0&quot;,&quot;iso&quot;:&quot;0&quot;,&quot;shutter_speed&quot;:&quot;0&quot;,&quot;title&quot;:&quot;&quot;,&quot;orientation&quot;:&quot;0&quot;}\" data-image-title=\"13872810_1077041005666071_4305140345250622177_n\" data-image-description=\"\" data-medium-file=\"https:\/\/i2.wp.com\/www.bramonmeteor.org\/bramon\/wp-content\/uploads\/2018\/03\/13872810_1077041005666071_4305140345250622177_n.jpg?fit=300%2C200\" data-large-file=\"https:\/\/i2.wp.com\/www.bramonmeteor.org\/bramon\/wp-content\/uploads\/2018\/03\/13872810_1077041005666071_4305140345250622177_n.jpg?fit=720%2C480\" src=\"https:\/\/i2.wp.com\/www.bramonmeteor.org\/bramon\/wp-content\/uploads\/2018\/03\/13872810_1077041005666071_4305140345250622177_n.jpg?w=280&#038;h=187\" width=\"280\" height=\"187\" data-original-width=\"280\" data-original-height=\"187\" itemprop=\"http:\/\/schema.org\/image\" title=\"13872810_1077041005666071_4305140345250622177_n\" alt=\"Pres. Lucena, RS - 28\/07\/2016 - Rafael Compassi\" style=\"width: 280px; height: 187px;\" \/> <\/a> <div class=\"tiled-gallery-caption\" itemprop=\"caption description\"> Pres. Lucena, RS &#8211; 28\/07\/2016 &#8211; Rafael Compassi <\/div> <\/div> <\/div> <!-- close group --> <\/div> <!-- close row --> <div class=\"gallery-row\" style=\"width: 854px; height: 684px;\" data-original-width=\"854\" data-original-height=\"684\" > <div class=\"gallery-group images-1\" style=\"width: 854px; height: 684px;\" data-original-width=\"854\" data-original-height=\"684\" > <div class=\"tiled-gallery-item tiled-gallery-item-large\" itemprop=\"associatedMedia\" itemscope itemtype=\"http:\/\/schema.org\/ImageObject\"> <a href=\"http:\/\/www.bramonmeteor.org\/bramon\/10941826_937014129675403_7624300153200379565_n\/\" border=\"0\" itemprop=\"url\"> <meta itemprop=\"width\" content=\"850\"> <meta itemprop=\"height\" content=\"680\"> <img data-attachment-id=\"1678\" data-orig-file=\"http:\/\/www.bramonmeteor.org\/bramon\/wp-content\/uploads\/2018\/03\/10941826_937014129675403_7624300153200379565_n.jpg\" data-orig-size=\"720,576\" data-comments-opened=\"\" data-image-meta=\"{&quot;aperture&quot;:&quot;0&quot;,&quot;credit&quot;:&quot;&quot;,&quot;camera&quot;:&quot;&quot;,&quot;caption&quot;:&quot;&quot;,&quot;created_timestamp&quot;:&quot;0&quot;,&quot;copyright&quot;:&quot;&quot;,&quot;focal_length&quot;:&quot;0&quot;,&quot;iso&quot;:&quot;0&quot;,&quot;shutter_speed&quot;:&quot;0&quot;,&quot;title&quot;:&quot;&quot;,&quot;orientation&quot;:&quot;0&quot;}\" data-image-title=\"10941826_937014129675403_7624300153200379565_n\" data-image-description=\"\" data-medium-file=\"https:\/\/i1.wp.com\/www.bramonmeteor.org\/bramon\/wp-content\/uploads\/2018\/03\/10941826_937014129675403_7624300153200379565_n.jpg?fit=300%2C240\" data-large-file=\"https:\/\/i1.wp.com\/www.bramonmeteor.org\/bramon\/wp-content\/uploads\/2018\/03\/10941826_937014129675403_7624300153200379565_n.jpg?fit=720%2C576\" src=\"https:\/\/i1.wp.com\/www.bramonmeteor.org\/bramon\/wp-content\/uploads\/2018\/03\/10941826_937014129675403_7624300153200379565_n.jpg?w=850&#038;h=680\" width=\"850\" height=\"680\" data-original-width=\"850\" data-original-height=\"680\" itemprop=\"http:\/\/schema.org\/image\" title=\"10941826_937014129675403_7624300153200379565_n\" alt=\"Oliveira, MG - 26\/06\/2015 - Welter Mesquita Vaz\" style=\"width: 850px; height: 680px;\" \/> <\/a> <div class=\"tiled-gallery-caption\" itemprop=\"caption description\"> Oliveira, MG &#8211; 26\/06\/2015 &#8211; Welter Mesquita Vaz <\/div> <\/div> <\/div> <!-- close group --> <\/div> <!-- close row --> <\/div>\n<h2 class=\"post_content_holder\">Fez alguma foto ou v\u00eddeo da passagem da Tiangong-1?<\/h2>\n<div class=\"post_content_holder\"><a href=\"https:\/\/goo.gl\/forms\/HNxCs6WpQHjRV5Qk2\" target=\"_blank\" rel=\"noopener noreferrer\">Mande aqui seu registro!<\/a><\/div>\n<div class=\"post_content_holder\"><\/div>\n<div class=\"post_content_holder\"><\/div>\n<p><\/p>","protected":false},"excerpt":{"rendered":"<div class=\"wpm_excerpt clearfix\"><p>Acompanhe a Tiangong-1 em tempo (quase) real Obs.: A posi\u00e7\u00e3o do sat\u00e9lite&hellip;<\/p>\n<\/div>","protected":false},"author":35,"featured_media":1728,"parent":0,"menu_order":9,"comment_status":"closed","ping_status":"closed","template":"","meta":{"spay_email":""},"jetpack-related-posts":[],"_links":{"self":[{"href":"http:\/\/www.bramonmeteor.org\/bramon\/wp-json\/wp\/v2\/pages\/1725"}],"collection":[{"href":"http:\/\/www.bramonmeteor.org\/bramon\/wp-json\/wp\/v2\/pages"}],"about":[{"href":"http:\/\/www.bramonmeteor.org\/bramon\/wp-json\/wp\/v2\/types\/page"}],"author":[{"embeddable":true,"href":"http:\/\/www.bramonmeteor.org\/bramon\/wp-json\/wp\/v2\/users\/35"}],"replies":[{"embeddable":true,"href":"http:\/\/www.bramonmeteor.org\/bramon\/wp-json\/wp\/v2\/comments?post=1725"}],"version-history":[{"count":0,"href":"http:\/\/www.bramonmeteor.org\/bramon\/wp-json\/wp\/v2\/pages\/1725\/revisions"}],"wp:featuredmedia":[{"embeddable":true,"href":"http:\/\/www.bramonmeteor.org\/bramon\/wp-json\/wp\/v2\/media\/1728"}],"wp:attachment":[{"href":"http:\/\/www.bramonmeteor.org\/bramon\/wp-json\/wp\/v2\/media?parent=1725"}],"curies":[{"name":"wp","href":"https:\/\/api.w.org\/{rel}","templated":true}]}}