{"id":149,"date":"2015-08-27T22:44:15","date_gmt":"2015-08-28T01:44:15","guid":{"rendered":"http:\/\/www.bramonmeteor.org\/bramon\/?page_id=149"},"modified":"2015-08-27T22:44:15","modified_gmt":"2015-08-28T01:44:15","slug":"english-inicio-2","status":"publish","type":"page","link":"http:\/\/www.bramonmeteor.org\/bramon\/english-inicio-2\/","title":{"rendered":"In\u00edcio"},"content":{"rendered":"<p><img data-attachment-id=\"376\" data-permalink=\"http:\/\/www.bramonmeteor.org\/bramon\/bramon-home\/\" data-orig-file=\"https:\/\/i0.wp.com\/www.bramonmeteor.org\/bramon\/wp-content\/uploads\/2015\/08\/bramon-home.jpg?fit=1434%2C390\" data-orig-size=\"1434,390\" data-comments-opened=\"0\" data-image-meta=\"{&quot;aperture&quot;:&quot;0&quot;,&quot;credit&quot;:&quot;&quot;,&quot;camera&quot;:&quot;&quot;,&quot;caption&quot;:&quot;&quot;,&quot;created_timestamp&quot;:&quot;0&quot;,&quot;copyright&quot;:&quot;&quot;,&quot;focal_length&quot;:&quot;0&quot;,&quot;iso&quot;:&quot;0&quot;,&quot;shutter_speed&quot;:&quot;0&quot;,&quot;title&quot;:&quot;&quot;,&quot;orientation&quot;:&quot;0&quot;}\" data-image-title=\"BRAMON\" data-image-description=\"\" data-medium-file=\"https:\/\/i0.wp.com\/www.bramonmeteor.org\/bramon\/wp-content\/uploads\/2015\/08\/bramon-home.jpg?fit=300%2C82\" data-large-file=\"https:\/\/i0.wp.com\/www.bramonmeteor.org\/bramon\/wp-content\/uploads\/2015\/08\/bramon-home.jpg?fit=854%2C232\" loading=\"lazy\" class=\"alignnone wp-image-376 size-full\" src=\"https:\/\/i0.wp.com\/www.bramonmeteor.org\/bramon\/wp-content\/uploads\/2015\/08\/bramon-home.jpg?resize=854%2C388\" alt=\"BRAMON\" width=\"854\" height=\"388\" srcset=\"https:\/\/i0.wp.com\/www.bramonmeteor.org\/bramon\/wp-content\/uploads\/2015\/08\/bramon-home.jpg?zoom=2&amp;resize=1434%2C651 2868w, https:\/\/i0.wp.com\/www.bramonmeteor.org\/bramon\/wp-content\/uploads\/2015\/08\/bramon-home.jpg?zoom=3&amp;resize=1434%2C651 4302w\" sizes=\"(max-width: 854px) 100vw, 854px\" data-recalc-dims=\"1\" \/><\/p>\n<p>[latest_post post_number=&#8217;3&#8242; order_by=&#8217;date&#8217; order=&#8217;DESC&#8217; category=&#8221; text_length=&#8221;\/]<\/p>\n<p>A BRAMON \u00e9 uma organiza\u00e7\u00e3o sem fins lucrativos cuja miss\u00e3o \u00e9 desenvolver e operar uma rede para o monitoramento de meteoros, com o objetivo de produzir e fornecer dados cient\u00edficos \u00e0 comunidade atrav\u00e9s da an\u00e1lise de suas capturas, que s\u00e3o realizadas por esta\u00e7\u00f5es de monitoramento. Desta forma, ela visa figurar como a maior rede de monitoramento de meteoros do hemisf\u00e9rio sul e entre as maiores do mundo, al\u00e9m de tornar-se uma refer\u00eancia como uma rede que alia a qualidade ao uso de equipamentos acess\u00edveis e de baixo custo.<\/p>\n<p>&nbsp;<\/p>","protected":false},"excerpt":{"rendered":"<div class=\"wpm_excerpt clearfix\"><p>latest_post post_number=&#8217;3&#8242; order_by=&#8217;date&#8217; order=&#8217;DESC&#8217; category=&#8221; text_length=&#8221;\/ A BRAMON \u00e9 uma organiza\u00e7\u00e3o sem&hellip;<\/p>\n<\/div>","protected":false},"author":67,"featured_media":0,"parent":0,"menu_order":22,"comment_status":"closed","ping_status":"closed","template":"","meta":{"spay_email":""},"jetpack-related-posts":[],"_links":{"self":[{"href":"http:\/\/www.bramonmeteor.org\/bramon\/wp-json\/wp\/v2\/pages\/149"}],"collection":[{"href":"http:\/\/www.bramonmeteor.org\/bramon\/wp-json\/wp\/v2\/pages"}],"about":[{"href":"http:\/\/www.bramonmeteor.org\/bramon\/wp-json\/wp\/v2\/types\/page"}],"author":[{"embeddable":true,"href":"http:\/\/www.bramonmeteor.org\/bramon\/wp-json\/wp\/v2\/users\/67"}],"replies":[{"embeddable":true,"href":"http:\/\/www.bramonmeteor.org\/bramon\/wp-json\/wp\/v2\/comments?post=149"}],"version-history":[{"count":0,"href":"http:\/\/www.bramonmeteor.org\/bramon\/wp-json\/wp\/v2\/pages\/149\/revisions"}],"wp:attachment":[{"href":"http:\/\/www.bramonmeteor.org\/bramon\/wp-json\/wp\/v2\/media?parent=149"}],"curies":[{"name":"wp","href":"https:\/\/api.w.org\/{rel}","templated":true}]}}