{"id":71,"date":"2018-06-11T10:34:04","date_gmt":"2018-06-11T13:34:04","guid":{"rendered":"http:\/\/www.bramonmeteor.org\/bramon\/\/?page_id=71"},"modified":"2020-10-05T10:44:58","modified_gmt":"2020-10-05T13:44:58","slug":"campanhas-especiais","status":"publish","type":"page","link":"http:\/\/www.bramonmeteor.org\/bramon\/en\/producao\/campanhas-especiais\/","title":{"rendered":"Campanhas especiais"},"content":{"rendered":"<p>Aqui voc\u00ea pode ter acesso \u00e0 outros fen\u00f4menos astron\u00f4micos que merecem destaque.<\/p>","protected":false},"excerpt":{"rendered":"<div class=\"wpm_excerpt clearfix\"><p>Aqui voc\u00ea pode ter acesso \u00e0 outros fen\u00f4menos astron\u00f4micos que merecem destaque.<\/p>\n<\/div>","protected":false},"author":1,"featured_media":0,"parent":24,"menu_order":0,"comment_status":"closed","ping_status":"closed","template":"inc\/page-campanhas-especiais.php","meta":{"spay_email":""},"jetpack-related-posts":[],"_links":{"self":[{"href":"http:\/\/www.bramonmeteor.org\/bramon\/en\/wp-json\/wp\/v2\/pages\/71"}],"collection":[{"href":"http:\/\/www.bramonmeteor.org\/bramon\/en\/wp-json\/wp\/v2\/pages"}],"about":[{"href":"http:\/\/www.bramonmeteor.org\/bramon\/en\/wp-json\/wp\/v2\/types\/page"}],"author":[{"embeddable":true,"href":"http:\/\/www.bramonmeteor.org\/bramon\/en\/wp-json\/wp\/v2\/users\/1"}],"replies":[{"embeddable":true,"href":"http:\/\/www.bramonmeteor.org\/bramon\/en\/wp-json\/wp\/v2\/comments?post=71"}],"version-history":[{"count":5,"href":"http:\/\/www.bramonmeteor.org\/bramon\/en\/wp-json\/wp\/v2\/pages\/71\/revisions"}],"predecessor-version":[{"id":3554,"href":"http:\/\/www.bramonmeteor.org\/bramon\/en\/wp-json\/wp\/v2\/pages\/71\/revisions\/3554"}],"up":[{"embeddable":true,"href":"http:\/\/www.bramonmeteor.org\/bramon\/en\/wp-json\/wp\/v2\/pages\/24"}],"wp:attachment":[{"href":"http:\/\/www.bramonmeteor.org\/bramon\/en\/wp-json\/wp\/v2\/media?parent=71"}],"curies":[{"name":"wp","href":"https:\/\/api.w.org\/{rel}","templated":true}]}}