{"id":51,"date":"2018-06-11T10:24:09","date_gmt":"2018-06-11T13:24:09","guid":{"rendered":"http:\/\/www.bramonmeteor.org\/bramon\/\/?page_id=51"},"modified":"2020-10-03T22:35:11","modified_gmt":"2020-10-04T01:35:11","slug":"sobre","status":"publish","type":"page","link":"http:\/\/www.bramonmeteor.org\/bramon\/en\/a-bramon\/sobre\/","title":{"rendered":"A BRAMON"},"content":{"rendered":"<p>A <strong>Rede Brasileira de Monitoramento de Meteoros<\/strong> \u00e9 uma organiza\u00e7\u00e3o aberta e colaborativa, mantida por volunt\u00e1rios e colaboradores e sem fins lucrativos. A <strong>BRAMON<\/strong> tem como miss\u00e3o desenvolver e operar uma rede para o monitoramento de meteoros, produzindo e fornecendo dados cient\u00edficos \u00e0 comunidade atrav\u00e9s da an\u00e1lise de suas capturas, que s\u00e3o realizadas por esta\u00e7\u00f5es de monitoramento mantidas por seus membros.<\/p>\n<p><strong>Parece uma coisa complicada, certo? Mas n\u00e3o \u00e9! <\/strong><\/p>\n<p>Participar da BRAMON \u00e9 uma \u00f3tima oportunidade para contribuir ativamente de uma forma simples e prazerosa para a astronomia, coletando dados, realizando pesquisas e produzindo conhecimento sobre a hist\u00f3ria da forma\u00e7\u00e3o de nosso Sistema Solar.<\/p>\n","protected":false},"excerpt":{"rendered":"<div class=\"wpm_excerpt clearfix\"><p>A Rede Brasileira de Monitoramento de Meteoros \u00e9 uma organiza\u00e7\u00e3o aberta e&hellip;<\/p>\n<\/div>","protected":false},"author":1,"featured_media":2165,"parent":22,"menu_order":0,"comment_status":"closed","ping_status":"closed","template":"inc\/page-sobre.php","meta":{"spay_email":""},"jetpack-related-posts":[],"_links":{"self":[{"href":"http:\/\/www.bramonmeteor.org\/bramon\/en\/wp-json\/wp\/v2\/pages\/51"}],"collection":[{"href":"http:\/\/www.bramonmeteor.org\/bramon\/en\/wp-json\/wp\/v2\/pages"}],"about":[{"href":"http:\/\/www.bramonmeteor.org\/bramon\/en\/wp-json\/wp\/v2\/types\/page"}],"author":[{"embeddable":true,"href":"http:\/\/www.bramonmeteor.org\/bramon\/en\/wp-json\/wp\/v2\/users\/1"}],"replies":[{"embeddable":true,"href":"http:\/\/www.bramonmeteor.org\/bramon\/en\/wp-json\/wp\/v2\/comments?post=51"}],"version-history":[{"count":38,"href":"http:\/\/www.bramonmeteor.org\/bramon\/en\/wp-json\/wp\/v2\/pages\/51\/revisions"}],"predecessor-version":[{"id":3484,"href":"http:\/\/www.bramonmeteor.org\/bramon\/en\/wp-json\/wp\/v2\/pages\/51\/revisions\/3484"}],"up":[{"embeddable":true,"href":"http:\/\/www.bramonmeteor.org\/bramon\/en\/wp-json\/wp\/v2\/pages\/22"}],"wp:featuredmedia":[{"embeddable":true,"href":"http:\/\/www.bramonmeteor.org\/bramon\/en\/wp-json\/wp\/v2\/media\/2165"}],"wp:attachment":[{"href":"http:\/\/www.bramonmeteor.org\/bramon\/en\/wp-json\/wp\/v2\/media?parent=51"}],"curies":[{"name":"wp","href":"https:\/\/api.w.org\/{rel}","templated":true}]}}